{"id":4820,"date":"2024-05-02T09:54:20","date_gmt":"2024-05-02T09:54:20","guid":{"rendered":"https:\/\/www.vowiconsulting.de\/?post_type=product&#038;p=4820"},"modified":"2024-05-13T09:50:09","modified_gmt":"2024-05-13T09:50:09","slug":"ultraschallgeraet-siemens-acuson-freestyle","status":"publish","type":"product","link":"https:\/\/www.vowiconsulting.de\/index.php\/produkt\/ultraschallgeraet-siemens-acuson-freestyle\/","title":{"rendered":"Ultraschallger\u00e4t Siemens ACUSON Freestyle"},"content":{"rendered":"","protected":false},"excerpt":{"rendered":"<table>\n<tbody>\n<tr>\n<td><span style=\"font-family: 'trebuchet ms', geneva, sans-serif; font-size: 10pt;\">Angebots-Nr.:<\/span><\/td>\n<td><span style=\"font-family: 'trebuchet ms', geneva, sans-serif; font-size: 10pt;\">497<\/span><\/td>\n<\/tr>\n<tr>\n<td><span style=\"font-family: 'trebuchet ms', geneva, sans-serif; font-size: 10pt;\">Bezeichnung:<\/span><\/td>\n<td><span style=\"font-family: 'trebuchet ms', geneva, sans-serif; font-size: 10pt;\">Ultraschallger\u00e4t\u00a0<\/span><\/td>\n<\/tr>\n<tr>\n<td><span style=\"font-family: 'trebuchet ms', geneva, sans-serif; font-size: 10pt;\">Hersteller:<\/span><\/td>\n<td><span style=\"font-family: 'trebuchet ms', geneva, sans-serif; font-size: 10pt;\">SIEMENS<\/span><\/td>\n<\/tr>\n<tr>\n<td><span style=\"font-family: 'trebuchet ms', geneva, sans-serif; font-size: 10pt;\">Modell:<\/span><\/td>\n<td><span style=\"font-family: 'trebuchet ms', geneva, sans-serif; font-size: 10pt;\">ACUSON Freestyle<\/span><\/td>\n<\/tr>\n<tr>\n<td><span style=\"font-family: 'trebuchet ms', geneva, sans-serif; font-size: 10pt;\">Serien-Nr.:<\/span><\/td>\n<td><span style=\"font-family: 'trebuchet ms', geneva, sans-serif; font-size: 10pt;\">USN 3571-01<\/span><\/td>\n<\/tr>\n<tr>\n<td><span style=\"font-family: 'trebuchet ms', geneva, sans-serif; font-size: 10pt;\">Baujahr:<\/span><\/td>\n<td><span style=\"font-family: 'trebuchet ms', geneva, sans-serif; font-size: 10pt;\">2017<\/span><\/td>\n<\/tr>\n<tr>\n<td><span style=\"font-family: 'trebuchet ms', geneva, sans-serif; font-size: 10pt;\">Funktionalit\u00e4t:<\/span><\/td>\n<td><span style=\"font-family: 'trebuchet ms', geneva, sans-serif; font-size: 10pt;\">ja<\/span><\/td>\n<\/tr>\n<tr>\n<td><span style=\"font-family: 'trebuchet ms', geneva, sans-serif; font-size: 10pt;\">Preis:<\/span><\/td>\n<td><span style=\"font-family: 'trebuchet ms', geneva, sans-serif; font-size: 10pt;\">Auf Anfrage\u00a0oder nennen Sie uns<a href=\"mailto:gf@vowiconsulting.de?subject=Preisvorstellung%20Angebots-Nr.%20497&amp;body=Firma%2FInstitution%3A%0A%0AName%3A%0A%0ATel.%3A%0A%0AMeine%20Preisvorstellung%20f%C3%BCr%20Angebots-Nr.%3A%20497%20in%20%E2%82%AC%20netto%3A%0A%0A\">\u00a0Ihre Preisvorstellung<\/a><\/span><\/td>\n<\/tr>\n<tr>\n<td><span style=\"font-family: 'trebuchet ms', geneva, sans-serif; font-size: 10pt;\">Gr\u00f6sse:<\/span><\/td>\n<td><span style=\"font-family: 'trebuchet ms', geneva, sans-serif;\"><span style=\"font-size: 13.3333px;\">Ca. L\/T: 50, B:40, H: 138\u00a0<\/span><\/span><\/td>\n<\/tr>\n<tr>\n<td><span style=\"font-family: 'trebuchet ms', geneva, sans-serif; font-size: 10pt;\">Gewicht:<\/span><\/td>\n<td><span style=\"font-family: 'trebuchet ms', geneva, sans-serif; font-size: 10pt;\">&#8211;<\/span><\/td>\n<\/tr>\n<tr>\n<td><span style=\"font-family: 'trebuchet ms', geneva, sans-serif; font-size: 10pt;\">Bemerkungen:<\/span><\/td>\n<td><span style=\"font-family: 'trebuchet ms', geneva, sans-serif; font-size: 10pt;\">Das Ger\u00e4t ist funktionsf\u00e4hig.<\/span><br \/>\n<span style=\"font-family: 'trebuchet ms', geneva, sans-serif; font-size: 10pt;\">Optischer Zustand 1 A.<\/span><br \/>\n<span style=\"font-family: 'trebuchet ms', geneva, sans-serif; font-size: 10pt;\">Inkl. Akku f\u00fcr das Ger\u00e4t, 1 Schallkopf Convex C5-2 funktionsf\u00e4hig, 3 Akkus f\u00fcr Schallk\u00f6pfe und ein Adapter f\u00fcr kabelgebundenes Schallen.<\/span><br \/>\n<span style=\"font-family: 'trebuchet ms', geneva, sans-serif; font-size: 10pt;\">Sonstiges: Das Schallger\u00e4t ist auf einem Transportwagen montiert an diesem befinden sich 2 Gitterk\u00f6rbe, eine Ablage f\u00fcr z.B. Tastatur, eine Halterung f\u00fcr z.B. Drucker. <\/span><\/td>\n<\/tr>\n<tr>\n<td><span style=\"font-family: 'trebuchet ms', geneva, sans-serif; font-size: 10pt;\">Standort:<\/span><\/td>\n<td><span style=\"font-family: 'trebuchet ms', geneva, sans-serif; font-size: 10pt;\">Deutschland, Bayern<\/span><\/td>\n<\/tr>\n<tr>\n<td><span style=\"font-family: 'trebuchet ms', geneva, sans-serif; font-size: 10pt;\">Kontakt:<\/span><\/td>\n<td><span style=\"font-family: 'trebuchet ms', geneva, sans-serif; font-size: 10pt;\"><a href=\"mailto:gf@vowiconsulting.de\" target=\"_blank\" rel=\"noopener noreferrer\">gf@vowiconsulting.de<\/a>, Tel. 0049 (0) 176\u00a06580 4599<\/span><\/td>\n<\/tr>\n<\/tbody>\n<\/table>\n<p style=\"text-align: right;\"><span style=\"font-family: 'trebuchet ms', geneva, sans-serif; font-size: 10pt;\"><em>(Angaben lt. Auftraggeber)<\/em><\/span><\/p>\n","protected":false},"author":1,"featured_media":4821,"template":"","meta":{"advgb_blocks_editor_width":"","advgb_blocks_columns_visual_guide":""},"product_cat":[30],"product_tag":[],"featured_image_urls":{"full":["https:\/\/www.vowiconsulting.de\/wp-content\/uploads\/2024\/05\/Acuson1-rotated.jpg",1734,2312,false],"thumbnail":["https:\/\/www.vowiconsulting.de\/wp-content\/uploads\/2024\/05\/Acuson1-150x150.jpg",150,150,true],"medium":["https:\/\/www.vowiconsulting.de\/wp-content\/uploads\/2024\/05\/Acuson1-225x300.jpg",225,300,true],"medium_large":["https:\/\/www.vowiconsulting.de\/wp-content\/uploads\/2024\/05\/Acuson1-768x1024.jpg",768,1024,true],"large":["https:\/\/www.vowiconsulting.de\/wp-content\/uploads\/2024\/05\/Acuson1-768x1024.jpg",768,1024,true],"1536x1536":["https:\/\/www.vowiconsulting.de\/wp-content\/uploads\/2024\/05\/Acuson1-1152x1536.jpg",1152,1536,true],"2048x2048":["https:\/\/www.vowiconsulting.de\/wp-content\/uploads\/2024\/05\/Acuson1-1536x2048.jpg",1536,2048,true],"post-thumbnail":["https:\/\/www.vowiconsulting.de\/wp-content\/uploads\/2024\/05\/Acuson1-225x300.jpg",225,300,true],"bravada-featured":["https:\/\/www.vowiconsulting.de\/wp-content\/uploads\/2024\/05\/Acuson1-508x300.jpg",508,300,true],"bravada-featured-lp":["https:\/\/www.vowiconsulting.de\/wp-content\/uploads\/2024\/05\/Acuson1-1620x300.jpg",1620,300,true],"bravada-featured-half":["https:\/\/www.vowiconsulting.de\/wp-content\/uploads\/2024\/05\/Acuson1-800x300.jpg",800,300,true],"bravada-featured-third":["https:\/\/www.vowiconsulting.de\/wp-content\/uploads\/2024\/05\/Acuson1-512x300.jpg",512,300,true],"bravada-lpbox-1":["https:\/\/www.vowiconsulting.de\/wp-content\/uploads\/2024\/05\/Acuson1-405x250.jpg",405,250,true],"bravada-lpbox-2":["https:\/\/www.vowiconsulting.de\/wp-content\/uploads\/2024\/05\/Acuson1-540x300.jpg",540,300,true],"woocommerce_thumbnail":["https:\/\/www.vowiconsulting.de\/wp-content\/uploads\/2024\/05\/Acuson1-400x300.jpg",400,300,true],"woocommerce_single":["https:\/\/www.vowiconsulting.de\/wp-content\/uploads\/2024\/05\/Acuson1-450x600.jpg",450,600,true],"woocommerce_gallery_thumbnail":["https:\/\/www.vowiconsulting.de\/wp-content\/uploads\/2024\/05\/Acuson1-100x100.jpg",100,100,true]},"post_excerpt_stackable":"<table>\n<tbody>\n<tr>\n<td><span style=\"font-family: 'trebuchet ms', geneva, sans-serif; font-size: 10pt;\">Angebots-Nr.:<\/span><\/td>\n<td><span style=\"font-family: 'trebuchet ms', geneva, sans-serif; font-size: 10pt;\">497<\/span><\/td>\n<\/tr>\n<tr>\n<td><span style=\"font-family: 'trebuchet ms', geneva, sans-serif; font-size: 10pt;\">Bezeichnung:<\/span><\/td>\n<td><span style=\"font-family: 'trebuchet ms', geneva, sans-serif; font-size: 10pt;\">Ultraschallger\u00e4t\u00a0<\/span><\/td>\n<\/tr>\n<tr>\n<td><span style=\"font-family: 'trebuchet ms', geneva, sans-serif; font-size: 10pt;\">Hersteller:<\/span><\/td>\n<td><span style=\"font-family: 'trebuchet ms', geneva, sans-serif; font-size: 10pt;\">SIEMENS<\/span><\/td>\n<\/tr>\n<tr>\n<td><span style=\"font-family: 'trebuchet ms', geneva, sans-serif; font-size: 10pt;\">Modell:<\/span><\/td>\n<td><span style=\"font-family: 'trebuchet ms', geneva, sans-serif; font-size: 10pt;\">ACUSON Freestyle<\/span><\/td>\n<\/tr>\n<tr>\n<td><span style=\"font-family: 'trebuchet ms', geneva, sans-serif; font-size: 10pt;\">Serien-Nr.:<\/span><\/td>\n<td><span style=\"font-family: 'trebuchet ms', geneva, sans-serif; font-size: 10pt;\">USN 3571-01<\/span><\/td>\n<\/tr>\n<tr>\n<td><span style=\"font-family: 'trebuchet ms', geneva, sans-serif; font-size: 10pt;\">Baujahr:<\/span><\/td>\n<td><span style=\"font-family: 'trebuchet ms', geneva, sans-serif; font-size: 10pt;\">2017<\/span><\/td>\n<\/tr>\n<tr>\n<td><span style=\"font-family: 'trebuchet ms', geneva, sans-serif; font-size: 10pt;\">Funktionalit\u00e4t:<\/span><\/td>\n<td><span style=\"font-family: 'trebuchet ms', geneva, sans-serif; font-size: 10pt;\">ja<\/span><\/td>\n<\/tr>\n<tr>\n<td><span style=\"font-family: 'trebuchet ms', geneva, sans-serif; font-size: 10pt;\">Preis:<\/span><\/td>\n<td><span style=\"font-family: 'trebuchet ms', geneva, sans-serif; font-size: 10pt;\">Auf Anfrage\u00a0oder nennen Sie uns<a href=\"mailto:gf@vowiconsulting.de?subject=Preisvorstellung%20Angebots-Nr.%20497&amp;body=Firma%2FInstitution%3A%0A%0AName%3A%0A%0ATel.%3A%0A%0AMeine%20Preisvorstellung%20f%C3%BCr%20Angebots-Nr.%3A%20497%20in%20%E2%82%AC%20netto%3A%0A%0A\">\u00a0Ihre Preisvorstellung<\/a><\/span><\/td>\n<\/tr>\n<tr>\n<td><span style=\"font-family: 'trebuchet ms', geneva, sans-serif; font-size: 10pt;\">Gr\u00f6sse:<\/span><\/td>\n<td><span style=\"font-family: 'trebuchet ms', geneva, sans-serif;\"><span style=\"font-size: 13.3333px;\">Ca. L\/T: 50, B:40, H: 138\u00a0<\/span><\/span><\/td>\n<\/tr>\n<tr>\n<td><span style=\"font-family: 'trebuchet ms', geneva, sans-serif; font-size: 10pt;\">Gewicht:<\/span><\/td>\n<td><span style=\"font-family: 'trebuchet ms', geneva, sans-serif; font-size: 10pt;\">&#8211;<\/span><\/td>\n<\/tr>\n<tr>\n<td><span style=\"font-family: 'trebuchet ms', geneva, sans-serif; font-size: 10pt;\">Bemerkungen:<\/span><\/td>\n<td><span style=\"font-family: 'trebuchet ms', geneva, sans-serif; font-size: 10pt;\">Das Ger\u00e4t ist funktionsf\u00e4hig.<\/span><br \/>\n<span style=\"font-family: 'trebuchet ms', geneva, sans-serif; font-size: 10pt;\">Optischer Zustand 1 A.<\/span><br \/>\n<span style=\"font-family: 'trebuchet ms', geneva, sans-serif; font-size: 10pt;\">Inkl. Akku f\u00fcr das Ger\u00e4t, 1 Schallkopf Convex C5-2 funktionsf\u00e4hig, 3 Akkus f\u00fcr Schallk\u00f6pfe und ein Adapter f\u00fcr kabelgebundenes Schallen.<\/span><br \/>\n<span style=\"font-family: 'trebuchet ms', geneva, sans-serif; font-size: 10pt;\">Sonstiges: Das Schallger\u00e4t ist auf einem Transportwagen montiert an diesem befinden sich 2 Gitterk\u00f6rbe, eine Ablage f\u00fcr z.B. Tastatur, eine Halterung f\u00fcr z.B. Drucker. <\/span><\/td>\n<\/tr>\n<tr>\n<td><span style=\"font-family: 'trebuchet ms', geneva, sans-serif; font-size: 10pt;\">Standort:<\/span><\/td>\n<td><span style=\"font-family: 'trebuchet ms', geneva, sans-serif; font-size: 10pt;\">Deutschland, Bayern<\/span><\/td>\n<\/tr>\n<tr>\n<td><span style=\"font-family: 'trebuchet ms', geneva, sans-serif; font-size: 10pt;\">Kontakt:<\/span><\/td>\n<td><span style=\"font-family: 'trebuchet ms', geneva, sans-serif; font-size: 10pt;\"><a href=\"mailto:gf@vowiconsulting.de\" target=\"_blank\" rel=\"noopener noreferrer\">gf@vowiconsulting.de<\/a>, Tel. 0049 (0) 176\u00a06580 4599<\/span><\/td>\n<\/tr>\n<\/tbody>\n<\/table>\n<p style=\"text-align: right;\"><span style=\"font-family: 'trebuchet ms', geneva, sans-serif; font-size: 10pt;\"><em>(Angaben lt. Auftraggeber)<\/em><\/span><\/p>\n","category_list":"","author_info":{"name":"vowiangebote","url":"https:\/\/www.vowiconsulting.de\/index.php\/author\/vowiangebote\/"},"comments_num":"0 comments","featured_image_urls_v2":{"full":["https:\/\/www.vowiconsulting.de\/wp-content\/uploads\/2024\/05\/Acuson1-rotated.jpg",1734,2312,false],"thumbnail":["https:\/\/www.vowiconsulting.de\/wp-content\/uploads\/2024\/05\/Acuson1-150x150.jpg",150,150,true],"medium":["https:\/\/www.vowiconsulting.de\/wp-content\/uploads\/2024\/05\/Acuson1-225x300.jpg",225,300,true],"medium_large":["https:\/\/www.vowiconsulting.de\/wp-content\/uploads\/2024\/05\/Acuson1-768x1024.jpg",768,1024,true],"large":["https:\/\/www.vowiconsulting.de\/wp-content\/uploads\/2024\/05\/Acuson1-768x1024.jpg",768,1024,true],"1536x1536":["https:\/\/www.vowiconsulting.de\/wp-content\/uploads\/2024\/05\/Acuson1-1152x1536.jpg",1152,1536,true],"2048x2048":["https:\/\/www.vowiconsulting.de\/wp-content\/uploads\/2024\/05\/Acuson1-1536x2048.jpg",1536,2048,true],"post-thumbnail":["https:\/\/www.vowiconsulting.de\/wp-content\/uploads\/2024\/05\/Acuson1-225x300.jpg",225,300,true],"bravada-featured":["https:\/\/www.vowiconsulting.de\/wp-content\/uploads\/2024\/05\/Acuson1-508x300.jpg",508,300,true],"bravada-featured-lp":["https:\/\/www.vowiconsulting.de\/wp-content\/uploads\/2024\/05\/Acuson1-1620x300.jpg",1620,300,true],"bravada-featured-half":["https:\/\/www.vowiconsulting.de\/wp-content\/uploads\/2024\/05\/Acuson1-800x300.jpg",800,300,true],"bravada-featured-third":["https:\/\/www.vowiconsulting.de\/wp-content\/uploads\/2024\/05\/Acuson1-512x300.jpg",512,300,true],"bravada-lpbox-1":["https:\/\/www.vowiconsulting.de\/wp-content\/uploads\/2024\/05\/Acuson1-405x250.jpg",405,250,true],"bravada-lpbox-2":["https:\/\/www.vowiconsulting.de\/wp-content\/uploads\/2024\/05\/Acuson1-540x300.jpg",540,300,true],"woocommerce_thumbnail":["https:\/\/www.vowiconsulting.de\/wp-content\/uploads\/2024\/05\/Acuson1-400x300.jpg",400,300,true],"woocommerce_single":["https:\/\/www.vowiconsulting.de\/wp-content\/uploads\/2024\/05\/Acuson1-450x600.jpg",450,600,true],"woocommerce_gallery_thumbnail":["https:\/\/www.vowiconsulting.de\/wp-content\/uploads\/2024\/05\/Acuson1-100x100.jpg",100,100,true]},"post_excerpt_stackable_v2":"<table>\n<tbody>\n<tr>\n<td><span style=\"font-family: 'trebuchet ms', geneva, sans-serif; font-size: 10pt;\">Angebots-Nr.:<\/span><\/td>\n<td><span style=\"font-family: 'trebuchet ms', geneva, sans-serif; font-size: 10pt;\">497<\/span><\/td>\n<\/tr>\n<tr>\n<td><span style=\"font-family: 'trebuchet ms', geneva, sans-serif; font-size: 10pt;\">Bezeichnung:<\/span><\/td>\n<td><span style=\"font-family: 'trebuchet ms', geneva, sans-serif; font-size: 10pt;\">Ultraschallger\u00e4t\u00a0<\/span><\/td>\n<\/tr>\n<tr>\n<td><span style=\"font-family: 'trebuchet ms', geneva, sans-serif; font-size: 10pt;\">Hersteller:<\/span><\/td>\n<td><span style=\"font-family: 'trebuchet ms', geneva, sans-serif; font-size: 10pt;\">SIEMENS<\/span><\/td>\n<\/tr>\n<tr>\n<td><span style=\"font-family: 'trebuchet ms', geneva, sans-serif; font-size: 10pt;\">Modell:<\/span><\/td>\n<td><span style=\"font-family: 'trebuchet ms', geneva, sans-serif; font-size: 10pt;\">ACUSON Freestyle<\/span><\/td>\n<\/tr>\n<tr>\n<td><span style=\"font-family: 'trebuchet ms', geneva, sans-serif; font-size: 10pt;\">Serien-Nr.:<\/span><\/td>\n<td><span style=\"font-family: 'trebuchet ms', geneva, sans-serif; font-size: 10pt;\">USN 3571-01<\/span><\/td>\n<\/tr>\n<tr>\n<td><span style=\"font-family: 'trebuchet ms', geneva, sans-serif; font-size: 10pt;\">Baujahr:<\/span><\/td>\n<td><span style=\"font-family: 'trebuchet ms', geneva, sans-serif; font-size: 10pt;\">2017<\/span><\/td>\n<\/tr>\n<tr>\n<td><span style=\"font-family: 'trebuchet ms', geneva, sans-serif; font-size: 10pt;\">Funktionalit\u00e4t:<\/span><\/td>\n<td><span style=\"font-family: 'trebuchet ms', geneva, sans-serif; font-size: 10pt;\">ja<\/span><\/td>\n<\/tr>\n<tr>\n<td><span style=\"font-family: 'trebuchet ms', geneva, sans-serif; font-size: 10pt;\">Preis:<\/span><\/td>\n<td><span style=\"font-family: 'trebuchet ms', geneva, sans-serif; font-size: 10pt;\">Auf Anfrage\u00a0oder nennen Sie uns<a href=\"mailto:gf@vowiconsulting.de?subject=Preisvorstellung%20Angebots-Nr.%20497&amp;body=Firma%2FInstitution%3A%0A%0AName%3A%0A%0ATel.%3A%0A%0AMeine%20Preisvorstellung%20f%C3%BCr%20Angebots-Nr.%3A%20497%20in%20%E2%82%AC%20netto%3A%0A%0A\">\u00a0Ihre Preisvorstellung<\/a><\/span><\/td>\n<\/tr>\n<tr>\n<td><span style=\"font-family: 'trebuchet ms', geneva, sans-serif; font-size: 10pt;\">Gr\u00f6sse:<\/span><\/td>\n<td><span style=\"font-family: 'trebuchet ms', geneva, sans-serif;\"><span style=\"font-size: 13.3333px;\">Ca. L\/T: 50, B:40, H: 138\u00a0<\/span><\/span><\/td>\n<\/tr>\n<tr>\n<td><span style=\"font-family: 'trebuchet ms', geneva, sans-serif; font-size: 10pt;\">Gewicht:<\/span><\/td>\n<td><span style=\"font-family: 'trebuchet ms', geneva, sans-serif; font-size: 10pt;\">&#8211;<\/span><\/td>\n<\/tr>\n<tr>\n<td><span style=\"font-family: 'trebuchet ms', geneva, sans-serif; font-size: 10pt;\">Bemerkungen:<\/span><\/td>\n<td><span style=\"font-family: 'trebuchet ms', geneva, sans-serif; font-size: 10pt;\">Das Ger\u00e4t ist funktionsf\u00e4hig.<\/span><br \/>\n<span style=\"font-family: 'trebuchet ms', geneva, sans-serif; font-size: 10pt;\">Optischer Zustand 1 A.<\/span><br \/>\n<span style=\"font-family: 'trebuchet ms', geneva, sans-serif; font-size: 10pt;\">Inkl. Akku f\u00fcr das Ger\u00e4t, 1 Schallkopf Convex C5-2 funktionsf\u00e4hig, 3 Akkus f\u00fcr Schallk\u00f6pfe und ein Adapter f\u00fcr kabelgebundenes Schallen.<\/span><br \/>\n<span style=\"font-family: 'trebuchet ms', geneva, sans-serif; font-size: 10pt;\">Sonstiges: Das Schallger\u00e4t ist auf einem Transportwagen montiert an diesem befinden sich 2 Gitterk\u00f6rbe, eine Ablage f\u00fcr z.B. Tastatur, eine Halterung f\u00fcr z.B. Drucker. <\/span><\/td>\n<\/tr>\n<tr>\n<td><span style=\"font-family: 'trebuchet ms', geneva, sans-serif; font-size: 10pt;\">Standort:<\/span><\/td>\n<td><span style=\"font-family: 'trebuchet ms', geneva, sans-serif; font-size: 10pt;\">Deutschland, Bayern<\/span><\/td>\n<\/tr>\n<tr>\n<td><span style=\"font-family: 'trebuchet ms', geneva, sans-serif; font-size: 10pt;\">Kontakt:<\/span><\/td>\n<td><span style=\"font-family: 'trebuchet ms', geneva, sans-serif; font-size: 10pt;\"><a href=\"mailto:gf@vowiconsulting.de\" target=\"_blank\" rel=\"noopener noreferrer\">gf@vowiconsulting.de<\/a>, Tel. 0049 (0) 176\u00a06580 4599<\/span><\/td>\n<\/tr>\n<\/tbody>\n<\/table>\n<p style=\"text-align: right;\"><span style=\"font-family: 'trebuchet ms', geneva, sans-serif; font-size: 10pt;\"><em>(Angaben lt. Auftraggeber)<\/em><\/span><\/p>\n","category_list_v2":"","author_info_v2":{"name":"vowiangebote","url":"https:\/\/www.vowiconsulting.de\/index.php\/author\/vowiangebote\/"},"comments_num_v2":"0 comments","featured_img":"https:\/\/www.vowiconsulting.de\/wp-content\/uploads\/2024\/05\/Acuson1-225x300.jpg","coauthors":[],"author_meta":{"author_link":"https:\/\/www.vowiconsulting.de\/index.php\/author\/vowiangebote\/","display_name":"vowiangebote"},"relative_dates":{"created":"Posted 2\u00a0Jahren ago","modified":"Updated 2\u00a0Jahren ago"},"absolute_dates":{"created":"Posted on 02\/05\/2024","modified":"Updated on 13\/05\/2024"},"absolute_dates_time":{"created":"Posted on 02\/05\/2024 09:54","modified":"Updated on 13\/05\/2024 09:50"},"featured_img_caption":"","tax_additional":{"language":{"linked":["<a href=\"https:\/\/www.vowiconsulting.de\/\" class=\"advgb-post-tax-term\">Deutsch<\/a>"],"unlinked":["<span class=\"advgb-post-tax-term\">Deutsch<\/span>"],"slug":"language","name":"Languages"},"post_translations":{"linked":["<a href=\"https:\/\/www.vowiconsulting.de\/?taxonomy=post_translations&#038;term=pll_66336a8de4548\" class=\"advgb-post-tax-term\">pll_66336a8de4548<\/a>"],"unlinked":["<span class=\"advgb-post-tax-term\">pll_66336a8de4548<\/span>"],"slug":"post_translations","name":""},"product_type":{"linked":["<a href=\"https:\/\/www.vowiconsulting.de\/?taxonomy=product_type&#038;term=simple\" class=\"advgb-post-tax-term\">simple<\/a>"],"unlinked":["<span class=\"advgb-post-tax-term\">simple<\/span>"],"slug":"product_type","name":"Product type"},"product_visibility":{"linked":[],"unlinked":[],"slug":"product_visibility","name":"Product visibility"},"product_cat":{"linked":["<a href=\"https:\/\/www.vowiconsulting.de\/index.php\/product-category\/ultraschallgeraete\/\" class=\"advgb-post-tax-term\">Ultraschallger\u00e4te<\/a>"],"unlinked":["<span class=\"advgb-post-tax-term\">Ultraschallger\u00e4te<\/span>"],"slug":"product_cat","name":"Product categories"},"product_tag":{"linked":[],"unlinked":[],"slug":"product_tag","name":"Product tags"},"product_shipping_class":{"linked":[],"unlinked":[],"slug":"product_shipping_class","name":"Product shipping classes"},"pa_alle-angaben":{"linked":[],"unlinked":[],"slug":"pa_alle-angaben","name":"Product Alle Angaben"},"pa_angebots-nr":{"linked":[],"unlinked":[],"slug":"pa_angebots-nr","name":"Product Angebots-Nr.:"},"pa_baden-wuerttemberg":{"linked":[],"unlinked":[],"slug":"pa_baden-wuerttemberg","name":"Product Baden-Wuerttemberg"},"pa_baujahr":{"linked":[],"unlinked":[],"slug":"pa_baujahr","name":"Product Baujahr:"},"pa_bemerkungen":{"linked":[],"unlinked":[],"slug":"pa_bemerkungen","name":"Product Bemerkungen:"},"pa_bezeichnung":{"linked":[],"unlinked":[],"slug":"pa_bezeichnung","name":"Product Bezeichnung:"},"pa_funktionalitaet":{"linked":[],"unlinked":[],"slug":"pa_funktionalitaet","name":"Product Funktionalit\u00e4t:"},"pa_gewicht":{"linked":[],"unlinked":[],"slug":"pa_gewicht","name":"Product Gewicht:"},"pa_groesse":{"linked":[],"unlinked":[],"slug":"pa_groesse","name":"Product Gr\u00f6\u00dfe:"},"pa_hersteller":{"linked":[],"unlinked":[],"slug":"pa_hersteller","name":"Product Hersteller:"},"pa_kontakt":{"linked":[],"unlinked":[],"slug":"pa_kontakt","name":"Product Kontakt:"},"pa_modell":{"linked":[],"unlinked":[],"slug":"pa_modell","name":"Product Modell:"},"pa_preis":{"linked":[],"unlinked":[],"slug":"pa_preis","name":"Product Preis:"},"pa_serien-nr":{"linked":[],"unlinked":[],"slug":"pa_serien-nr","name":"Product Serien-Nr.:"},"pa_standort":{"linked":[],"unlinked":[],"slug":"pa_standort","name":"Product Standort:"}},"series_order":"","_links":{"self":[{"href":"https:\/\/www.vowiconsulting.de\/index.php\/wp-json\/wp\/v3\/product\/4820"}],"collection":[{"href":"https:\/\/www.vowiconsulting.de\/index.php\/wp-json\/wp\/v3\/product"}],"about":[{"href":"https:\/\/www.vowiconsulting.de\/index.php\/wp-json\/wp\/v2\/types\/product"}],"wp:featuredmedia":[{"embeddable":true,"href":"https:\/\/www.vowiconsulting.de\/index.php\/wp-json\/wp\/v2\/media\/4821"}],"wp:attachment":[{"href":"https:\/\/www.vowiconsulting.de\/index.php\/wp-json\/wp\/v2\/media?parent=4820"}],"wp:term":[{"taxonomy":"product_cat","embeddable":true,"href":"https:\/\/www.vowiconsulting.de\/index.php\/wp-json\/wp\/v2\/product_cat?post=4820"},{"taxonomy":"product_tag","embeddable":true,"href":"https:\/\/www.vowiconsulting.de\/index.php\/wp-json\/wp\/v2\/product_tag?post=4820"}],"curies":[{"name":"wp","href":"https:\/\/api.w.org\/{rel}","templated":true}]}}