{"id":4075,"date":"2022-10-12T10:49:53","date_gmt":"2022-10-12T10:49:53","guid":{"rendered":"https:\/\/www.vowiconsulting.de\/?post_type=product&#038;p=4075"},"modified":"2022-10-12T12:47:00","modified_gmt":"2022-10-12T12:47:00","slug":"steckbeckenspuele-meiko-topic-40-pflegekombination","status":"publish","type":"product","link":"https:\/\/www.vowiconsulting.de\/index.php\/produkt\/steckbeckenspuele-meiko-topic-40-pflegekombination\/","title":{"rendered":"Steckbeckensp\u00fcle, Meiko, Topic 40 Pflegekombination"},"content":{"rendered":"","protected":false},"excerpt":{"rendered":"<table style=\"height: 465px;\" width=\"746\">\n<tbody>\n<tr>\n<td><span style=\"font-family: 'trebuchet ms', geneva, sans-serif; font-size: 10pt;\">Angebots-Nr.:<\/span><\/td>\n<td><span style=\"font-family: 'trebuchet ms', geneva, sans-serif; font-size: 10pt;\">484<\/span><\/td>\n<\/tr>\n<tr>\n<td><span style=\"font-family: 'trebuchet ms', geneva, sans-serif; font-size: 10pt;\">Bezeichnung:<\/span><\/td>\n<td><span style=\"font-family: 'trebuchet ms', geneva, sans-serif; font-size: 10pt;\">Steckbeckensp\u00fcle<br \/>\n<\/span><\/td>\n<\/tr>\n<tr>\n<td><span style=\"font-family: 'trebuchet ms', geneva, sans-serif; font-size: 10pt;\">Hersteller:<\/span><\/td>\n<td><span style=\"font-family: 'trebuchet ms', geneva, sans-serif; font-size: 10pt;\">Meiko<\/span><\/td>\n<\/tr>\n<tr>\n<td><span style=\"font-family: 'trebuchet ms', geneva, sans-serif; font-size: 10pt;\">Modell:<\/span><\/td>\n<td><span style=\"font-family: 'trebuchet ms', geneva, sans-serif; font-size: 10pt;\">Topic 40 Pflegekombination<\/span><\/td>\n<\/tr>\n<tr>\n<td><span style=\"font-family: 'trebuchet ms', geneva, sans-serif; font-size: 10pt;\">Serien-Nr.:<\/span><\/td>\n<td><span style=\"font-family: 'trebuchet ms', geneva, sans-serif; font-size: 10pt;\">10266883<\/span><\/td>\n<\/tr>\n<tr>\n<td><span style=\"font-family: 'trebuchet ms', geneva, sans-serif; font-size: 10pt;\">Baujahr:<\/span><\/td>\n<td><span style=\"font-family: 'trebuchet ms', geneva, sans-serif; font-size: 10pt;\">2014<\/span><\/td>\n<\/tr>\n<tr>\n<td><span style=\"font-family: 'trebuchet ms', geneva, sans-serif; font-size: 10pt;\">Funktionalit\u00e4t:<\/span><\/td>\n<td><span style=\"font-family: 'trebuchet ms', geneva, sans-serif; font-size: 10pt;\">ja<\/span><\/td>\n<\/tr>\n<tr>\n<td><span style=\"font-family: 'trebuchet ms', geneva, sans-serif; font-size: 10pt;\">Preis:<\/span><\/td>\n<td><span style=\"font-family: 'trebuchet ms', geneva, sans-serif; font-size: 10pt;\">Auf Anfrage\u00a0oder nennen Sie uns<a href=\"mailto:gf@vowiconsulting.de?subject=Preisvorstellung%20Angebots-Nr.%20484&amp;body=Firma%2FInstitution%3A%0A%0AName%3A%0A%0ATel.%3A%0A%0AMeine%20Preisvorstellung%20f%C3%BCr%20Angebots-Nr.%3A%20484%20in%20%E2%82%AC%20netto%3A%0A%0A\">\u00a0Ihre Preisvorstellung<\/a><\/span><\/td>\n<\/tr>\n<tr>\n<td><span style=\"font-family: 'trebuchet ms', geneva, sans-serif; font-size: 10pt;\">Gr\u00f6sse:<\/span><\/td>\n<td><span style=\"font-family: trebuchet ms, geneva, sans-serif;\"><span style=\"font-size: 13.3333px;\">B 140xT60xH100 cm<\/span><\/span><\/td>\n<\/tr>\n<tr>\n<td><span style=\"font-family: 'trebuchet ms', geneva, sans-serif; font-size: 10pt;\">Gewicht:<\/span><\/td>\n<td><span style=\"font-family: 'trebuchet ms', geneva, sans-serif; font-size: 10pt;\">150 kg<\/span><\/td>\n<\/tr>\n<tr>\n<td><span style=\"font-family: 'trebuchet ms', geneva, sans-serif; font-size: 10pt;\">Bemerkungen:<\/span><\/td>\n<td>\n<div>\n<p><span style=\"font-family: 'trebuchet ms', geneva, sans-serif; font-size: 10pt;\"><span style=\"color: #ff0000;\">Noch in Betrieb!<\/span><\/span><\/p>\n<p><span style=\"font-family: 'trebuchet ms', geneva, sans-serif; font-size: 10pt;\">Durchflu\u00dfmenge 18l; Anschl\u00fc\u00dfe: Warmwasser: DN 15; Kaltwasser: DN 15; Ablauf: DN 100; Druck: 100 \u2013 500;<br \/>\nElektroanschluss Standard: 400 V, 3N PE, 50 Hz. 4,6 kW<br \/>\nElektroanschluss (Alternativ) 230 V, 1N PE, 50 Hz. 2,8 kW<br \/>\nEmissions-Schalldruckpegel am Arbeitsplatz (LpA) 48,2<\/span><\/p>\n<\/div>\n<\/td>\n<\/tr>\n<tr>\n<td><span style=\"font-family: 'trebuchet ms', geneva, sans-serif; font-size: 10pt;\">Standort:<\/span><\/td>\n<td><span style=\"font-family: 'trebuchet ms', geneva, sans-serif; font-size: 10pt;\">Deutschland, Bayern<\/span><\/td>\n<\/tr>\n<tr>\n<td><span style=\"font-family: 'trebuchet ms', geneva, sans-serif; font-size: 10pt;\">Kontakt:<\/span><\/td>\n<td><span style=\"font-family: 'trebuchet ms', geneva, sans-serif; font-size: 10pt;\"><a href=\"mailto:gf@vowiconsulting.de\" target=\"_blank\" rel=\"noopener noreferrer\">gf@vowiconsulting.de<\/a>, Tel. 0049 (0) 176\u00a06580 4599<\/span><\/td>\n<\/tr>\n<\/tbody>\n<\/table>\n<p style=\"text-align: right;\"><span style=\"font-family: 'trebuchet ms', geneva, sans-serif; font-size: 10pt;\"><em>(Angaben lt. Auftraggeber)<\/em><\/span><\/p>\n","protected":false},"author":1,"featured_media":4077,"template":"","meta":{"advgb_blocks_editor_width":"","advgb_blocks_columns_visual_guide":""},"product_cat":[473,186,31],"product_tag":[],"featured_image_urls":{"full":["https:\/\/www.vowiconsulting.de\/wp-content\/uploads\/2022\/10\/IMG-20220928-Bild-01-Kopie.jpg",1600,720,false],"thumbnail":["https:\/\/www.vowiconsulting.de\/wp-content\/uploads\/2022\/10\/IMG-20220928-Bild-01-Kopie-150x150.jpg",150,150,true],"medium":["https:\/\/www.vowiconsulting.de\/wp-content\/uploads\/2022\/10\/IMG-20220928-Bild-01-Kopie-300x135.jpg",300,135,true],"medium_large":["https:\/\/www.vowiconsulting.de\/wp-content\/uploads\/2022\/10\/IMG-20220928-Bild-01-Kopie-768x346.jpg",768,346,true],"large":["https:\/\/www.vowiconsulting.de\/wp-content\/uploads\/2022\/10\/IMG-20220928-Bild-01-Kopie-1024x461.jpg",1024,461,true],"1536x1536":["https:\/\/www.vowiconsulting.de\/wp-content\/uploads\/2022\/10\/IMG-20220928-Bild-01-Kopie-1536x691.jpg",1536,691,true],"2048x2048":["https:\/\/www.vowiconsulting.de\/wp-content\/uploads\/2022\/10\/IMG-20220928-Bild-01-Kopie.jpg",1600,720,false],"post-thumbnail":["https:\/\/www.vowiconsulting.de\/wp-content\/uploads\/2022\/10\/IMG-20220928-Bild-01-Kopie.jpg",508,229,false],"bravada-featured":["https:\/\/www.vowiconsulting.de\/wp-content\/uploads\/2022\/10\/IMG-20220928-Bild-01-Kopie.jpg",508,229,false],"bravada-featured-lp":["https:\/\/www.vowiconsulting.de\/wp-content\/uploads\/2022\/10\/IMG-20220928-Bild-01-Kopie.jpg",667,300,false],"bravada-featured-half":["https:\/\/www.vowiconsulting.de\/wp-content\/uploads\/2022\/10\/IMG-20220928-Bild-01-Kopie.jpg",667,300,false],"bravada-featured-third":["https:\/\/www.vowiconsulting.de\/wp-content\/uploads\/2022\/10\/IMG-20220928-Bild-01-Kopie.jpg",512,230,false],"bravada-lpbox-1":["https:\/\/www.vowiconsulting.de\/wp-content\/uploads\/2022\/10\/IMG-20220928-Bild-01-Kopie.jpg",405,182,false],"bravada-lpbox-2":["https:\/\/www.vowiconsulting.de\/wp-content\/uploads\/2022\/10\/IMG-20220928-Bild-01-Kopie.jpg",540,243,false],"woocommerce_thumbnail":["https:\/\/www.vowiconsulting.de\/wp-content\/uploads\/2022\/10\/IMG-20220928-Bild-01-Kopie-400x300.jpg",400,300,true],"woocommerce_single":["https:\/\/www.vowiconsulting.de\/wp-content\/uploads\/2022\/10\/IMG-20220928-Bild-01-Kopie-450x203.jpg",450,203,true],"woocommerce_gallery_thumbnail":["https:\/\/www.vowiconsulting.de\/wp-content\/uploads\/2022\/10\/IMG-20220928-Bild-01-Kopie-100x100.jpg",100,100,true]},"post_excerpt_stackable":"<table style=\"height: 465px;\" width=\"746\">\n<tbody>\n<tr>\n<td><span style=\"font-family: 'trebuchet ms', geneva, sans-serif; font-size: 10pt;\">Angebots-Nr.:<\/span><\/td>\n<td><span style=\"font-family: 'trebuchet ms', geneva, sans-serif; font-size: 10pt;\">484<\/span><\/td>\n<\/tr>\n<tr>\n<td><span style=\"font-family: 'trebuchet ms', geneva, sans-serif; font-size: 10pt;\">Bezeichnung:<\/span><\/td>\n<td><span style=\"font-family: 'trebuchet ms', geneva, sans-serif; font-size: 10pt;\">Steckbeckensp\u00fcle<br \/>\n<\/span><\/td>\n<\/tr>\n<tr>\n<td><span style=\"font-family: 'trebuchet ms', geneva, sans-serif; font-size: 10pt;\">Hersteller:<\/span><\/td>\n<td><span style=\"font-family: 'trebuchet ms', geneva, sans-serif; font-size: 10pt;\">Meiko<\/span><\/td>\n<\/tr>\n<tr>\n<td><span style=\"font-family: 'trebuchet ms', geneva, sans-serif; font-size: 10pt;\">Modell:<\/span><\/td>\n<td><span style=\"font-family: 'trebuchet ms', geneva, sans-serif; font-size: 10pt;\">Topic 40 Pflegekombination<\/span><\/td>\n<\/tr>\n<tr>\n<td><span style=\"font-family: 'trebuchet ms', geneva, sans-serif; font-size: 10pt;\">Serien-Nr.:<\/span><\/td>\n<td><span style=\"font-family: 'trebuchet ms', geneva, sans-serif; font-size: 10pt;\">10266883<\/span><\/td>\n<\/tr>\n<tr>\n<td><span style=\"font-family: 'trebuchet ms', geneva, sans-serif; font-size: 10pt;\">Baujahr:<\/span><\/td>\n<td><span style=\"font-family: 'trebuchet ms', geneva, sans-serif; font-size: 10pt;\">2014<\/span><\/td>\n<\/tr>\n<tr>\n<td><span style=\"font-family: 'trebuchet ms', geneva, sans-serif; font-size: 10pt;\">Funktionalit\u00e4t:<\/span><\/td>\n<td><span style=\"font-family: 'trebuchet ms', geneva, sans-serif; font-size: 10pt;\">ja<\/span><\/td>\n<\/tr>\n<tr>\n<td><span style=\"font-family: 'trebuchet ms', geneva, sans-serif; font-size: 10pt;\">Preis:<\/span><\/td>\n<td><span style=\"font-family: 'trebuchet ms', geneva, sans-serif; font-size: 10pt;\">Auf Anfrage\u00a0oder nennen Sie uns<a href=\"mailto:gf@vowiconsulting.de?subject=Preisvorstellung%20Angebots-Nr.%20484&amp;body=Firma%2FInstitution%3A%0A%0AName%3A%0A%0ATel.%3A%0A%0AMeine%20Preisvorstellung%20f%C3%BCr%20Angebots-Nr.%3A%20484%20in%20%E2%82%AC%20netto%3A%0A%0A\">\u00a0Ihre Preisvorstellung<\/a><\/span><\/td>\n<\/tr>\n<tr>\n<td><span style=\"font-family: 'trebuchet ms', geneva, sans-serif; font-size: 10pt;\">Gr\u00f6sse:<\/span><\/td>\n<td><span style=\"font-family: trebuchet ms, geneva, sans-serif;\"><span style=\"font-size: 13.3333px;\">B 140xT60xH100 cm<\/span><\/span><\/td>\n<\/tr>\n<tr>\n<td><span style=\"font-family: 'trebuchet ms', geneva, sans-serif; font-size: 10pt;\">Gewicht:<\/span><\/td>\n<td><span style=\"font-family: 'trebuchet ms', geneva, sans-serif; font-size: 10pt;\">150 kg<\/span><\/td>\n<\/tr>\n<tr>\n<td><span style=\"font-family: 'trebuchet ms', geneva, sans-serif; font-size: 10pt;\">Bemerkungen:<\/span><\/td>\n<td>\n<div>\n<p><span style=\"font-family: 'trebuchet ms', geneva, sans-serif; font-size: 10pt;\"><span style=\"color: #ff0000;\">Noch in Betrieb!<\/span><\/span><\/p>\n<p><span style=\"font-family: 'trebuchet ms', geneva, sans-serif; font-size: 10pt;\">Durchflu\u00dfmenge 18l; Anschl\u00fc\u00dfe: Warmwasser: DN 15; Kaltwasser: DN 15; Ablauf: DN 100; Druck: 100 \u2013 500;<br \/>\nElektroanschluss Standard: 400 V, 3N PE, 50 Hz. 4,6 kW<br \/>\nElektroanschluss (Alternativ) 230 V, 1N PE, 50 Hz. 2,8 kW<br \/>\nEmissions-Schalldruckpegel am Arbeitsplatz (LpA) 48,2<\/span><\/p>\n<\/div>\n<\/td>\n<\/tr>\n<tr>\n<td><span style=\"font-family: 'trebuchet ms', geneva, sans-serif; font-size: 10pt;\">Standort:<\/span><\/td>\n<td><span style=\"font-family: 'trebuchet ms', geneva, sans-serif; font-size: 10pt;\">Deutschland, Bayern<\/span><\/td>\n<\/tr>\n<tr>\n<td><span style=\"font-family: 'trebuchet ms', geneva, sans-serif; font-size: 10pt;\">Kontakt:<\/span><\/td>\n<td><span style=\"font-family: 'trebuchet ms', geneva, sans-serif; font-size: 10pt;\"><a href=\"mailto:gf@vowiconsulting.de\" target=\"_blank\" rel=\"noopener noreferrer\">gf@vowiconsulting.de<\/a>, Tel. 0049 (0) 176\u00a06580 4599<\/span><\/td>\n<\/tr>\n<\/tbody>\n<\/table>\n<p style=\"text-align: right;\"><span style=\"font-family: 'trebuchet ms', geneva, sans-serif; font-size: 10pt;\"><em>(Angaben lt. Auftraggeber)<\/em><\/span><\/p>\n","category_list":"","author_info":{"name":"vowiangebote","url":"https:\/\/www.vowiconsulting.de\/index.php\/author\/vowiangebote\/"},"comments_num":"0 comments","featured_image_urls_v2":{"full":["https:\/\/www.vowiconsulting.de\/wp-content\/uploads\/2022\/10\/IMG-20220928-Bild-01-Kopie.jpg",1600,720,false],"thumbnail":["https:\/\/www.vowiconsulting.de\/wp-content\/uploads\/2022\/10\/IMG-20220928-Bild-01-Kopie-150x150.jpg",150,150,true],"medium":["https:\/\/www.vowiconsulting.de\/wp-content\/uploads\/2022\/10\/IMG-20220928-Bild-01-Kopie-300x135.jpg",300,135,true],"medium_large":["https:\/\/www.vowiconsulting.de\/wp-content\/uploads\/2022\/10\/IMG-20220928-Bild-01-Kopie-768x346.jpg",768,346,true],"large":["https:\/\/www.vowiconsulting.de\/wp-content\/uploads\/2022\/10\/IMG-20220928-Bild-01-Kopie-1024x461.jpg",1024,461,true],"1536x1536":["https:\/\/www.vowiconsulting.de\/wp-content\/uploads\/2022\/10\/IMG-20220928-Bild-01-Kopie-1536x691.jpg",1536,691,true],"2048x2048":["https:\/\/www.vowiconsulting.de\/wp-content\/uploads\/2022\/10\/IMG-20220928-Bild-01-Kopie.jpg",1600,720,false],"post-thumbnail":["https:\/\/www.vowiconsulting.de\/wp-content\/uploads\/2022\/10\/IMG-20220928-Bild-01-Kopie.jpg",508,229,false],"bravada-featured":["https:\/\/www.vowiconsulting.de\/wp-content\/uploads\/2022\/10\/IMG-20220928-Bild-01-Kopie.jpg",508,229,false],"bravada-featured-lp":["https:\/\/www.vowiconsulting.de\/wp-content\/uploads\/2022\/10\/IMG-20220928-Bild-01-Kopie.jpg",667,300,false],"bravada-featured-half":["https:\/\/www.vowiconsulting.de\/wp-content\/uploads\/2022\/10\/IMG-20220928-Bild-01-Kopie.jpg",667,300,false],"bravada-featured-third":["https:\/\/www.vowiconsulting.de\/wp-content\/uploads\/2022\/10\/IMG-20220928-Bild-01-Kopie.jpg",512,230,false],"bravada-lpbox-1":["https:\/\/www.vowiconsulting.de\/wp-content\/uploads\/2022\/10\/IMG-20220928-Bild-01-Kopie.jpg",405,182,false],"bravada-lpbox-2":["https:\/\/www.vowiconsulting.de\/wp-content\/uploads\/2022\/10\/IMG-20220928-Bild-01-Kopie.jpg",540,243,false],"woocommerce_thumbnail":["https:\/\/www.vowiconsulting.de\/wp-content\/uploads\/2022\/10\/IMG-20220928-Bild-01-Kopie-400x300.jpg",400,300,true],"woocommerce_single":["https:\/\/www.vowiconsulting.de\/wp-content\/uploads\/2022\/10\/IMG-20220928-Bild-01-Kopie-450x203.jpg",450,203,true],"woocommerce_gallery_thumbnail":["https:\/\/www.vowiconsulting.de\/wp-content\/uploads\/2022\/10\/IMG-20220928-Bild-01-Kopie-100x100.jpg",100,100,true]},"post_excerpt_stackable_v2":"<table style=\"height: 465px;\" width=\"746\">\n<tbody>\n<tr>\n<td><span style=\"font-family: 'trebuchet ms', geneva, sans-serif; font-size: 10pt;\">Angebots-Nr.:<\/span><\/td>\n<td><span style=\"font-family: 'trebuchet ms', geneva, sans-serif; font-size: 10pt;\">484<\/span><\/td>\n<\/tr>\n<tr>\n<td><span style=\"font-family: 'trebuchet ms', geneva, sans-serif; font-size: 10pt;\">Bezeichnung:<\/span><\/td>\n<td><span style=\"font-family: 'trebuchet ms', geneva, sans-serif; font-size: 10pt;\">Steckbeckensp\u00fcle<br \/>\n<\/span><\/td>\n<\/tr>\n<tr>\n<td><span style=\"font-family: 'trebuchet ms', geneva, sans-serif; font-size: 10pt;\">Hersteller:<\/span><\/td>\n<td><span style=\"font-family: 'trebuchet ms', geneva, sans-serif; font-size: 10pt;\">Meiko<\/span><\/td>\n<\/tr>\n<tr>\n<td><span style=\"font-family: 'trebuchet ms', geneva, sans-serif; font-size: 10pt;\">Modell:<\/span><\/td>\n<td><span style=\"font-family: 'trebuchet ms', geneva, sans-serif; font-size: 10pt;\">Topic 40 Pflegekombination<\/span><\/td>\n<\/tr>\n<tr>\n<td><span style=\"font-family: 'trebuchet ms', geneva, sans-serif; font-size: 10pt;\">Serien-Nr.:<\/span><\/td>\n<td><span style=\"font-family: 'trebuchet ms', geneva, sans-serif; font-size: 10pt;\">10266883<\/span><\/td>\n<\/tr>\n<tr>\n<td><span style=\"font-family: 'trebuchet ms', geneva, sans-serif; font-size: 10pt;\">Baujahr:<\/span><\/td>\n<td><span style=\"font-family: 'trebuchet ms', geneva, sans-serif; font-size: 10pt;\">2014<\/span><\/td>\n<\/tr>\n<tr>\n<td><span style=\"font-family: 'trebuchet ms', geneva, sans-serif; font-size: 10pt;\">Funktionalit\u00e4t:<\/span><\/td>\n<td><span style=\"font-family: 'trebuchet ms', geneva, sans-serif; font-size: 10pt;\">ja<\/span><\/td>\n<\/tr>\n<tr>\n<td><span style=\"font-family: 'trebuchet ms', geneva, sans-serif; font-size: 10pt;\">Preis:<\/span><\/td>\n<td><span style=\"font-family: 'trebuchet ms', geneva, sans-serif; font-size: 10pt;\">Auf Anfrage\u00a0oder nennen Sie uns<a href=\"mailto:gf@vowiconsulting.de?subject=Preisvorstellung%20Angebots-Nr.%20484&amp;body=Firma%2FInstitution%3A%0A%0AName%3A%0A%0ATel.%3A%0A%0AMeine%20Preisvorstellung%20f%C3%BCr%20Angebots-Nr.%3A%20484%20in%20%E2%82%AC%20netto%3A%0A%0A\">\u00a0Ihre Preisvorstellung<\/a><\/span><\/td>\n<\/tr>\n<tr>\n<td><span style=\"font-family: 'trebuchet ms', geneva, sans-serif; font-size: 10pt;\">Gr\u00f6sse:<\/span><\/td>\n<td><span style=\"font-family: trebuchet ms, geneva, sans-serif;\"><span style=\"font-size: 13.3333px;\">B 140xT60xH100 cm<\/span><\/span><\/td>\n<\/tr>\n<tr>\n<td><span style=\"font-family: 'trebuchet ms', geneva, sans-serif; font-size: 10pt;\">Gewicht:<\/span><\/td>\n<td><span style=\"font-family: 'trebuchet ms', geneva, sans-serif; font-size: 10pt;\">150 kg<\/span><\/td>\n<\/tr>\n<tr>\n<td><span style=\"font-family: 'trebuchet ms', geneva, sans-serif; font-size: 10pt;\">Bemerkungen:<\/span><\/td>\n<td>\n<div>\n<p><span style=\"font-family: 'trebuchet ms', geneva, sans-serif; font-size: 10pt;\"><span style=\"color: #ff0000;\">Noch in Betrieb!<\/span><\/span><\/p>\n<p><span style=\"font-family: 'trebuchet ms', geneva, sans-serif; font-size: 10pt;\">Durchflu\u00dfmenge 18l; Anschl\u00fc\u00dfe: Warmwasser: DN 15; Kaltwasser: DN 15; Ablauf: DN 100; Druck: 100 \u2013 500;<br \/>\nElektroanschluss Standard: 400 V, 3N PE, 50 Hz. 4,6 kW<br \/>\nElektroanschluss (Alternativ) 230 V, 1N PE, 50 Hz. 2,8 kW<br \/>\nEmissions-Schalldruckpegel am Arbeitsplatz (LpA) 48,2<\/span><\/p>\n<\/div>\n<\/td>\n<\/tr>\n<tr>\n<td><span style=\"font-family: 'trebuchet ms', geneva, sans-serif; font-size: 10pt;\">Standort:<\/span><\/td>\n<td><span style=\"font-family: 'trebuchet ms', geneva, sans-serif; font-size: 10pt;\">Deutschland, Bayern<\/span><\/td>\n<\/tr>\n<tr>\n<td><span style=\"font-family: 'trebuchet ms', geneva, sans-serif; font-size: 10pt;\">Kontakt:<\/span><\/td>\n<td><span style=\"font-family: 'trebuchet ms', geneva, sans-serif; font-size: 10pt;\"><a href=\"mailto:gf@vowiconsulting.de\" target=\"_blank\" rel=\"noopener noreferrer\">gf@vowiconsulting.de<\/a>, Tel. 0049 (0) 176\u00a06580 4599<\/span><\/td>\n<\/tr>\n<\/tbody>\n<\/table>\n<p style=\"text-align: right;\"><span style=\"font-family: 'trebuchet ms', geneva, sans-serif; font-size: 10pt;\"><em>(Angaben lt. Auftraggeber)<\/em><\/span><\/p>\n","category_list_v2":"","author_info_v2":{"name":"vowiangebote","url":"https:\/\/www.vowiconsulting.de\/index.php\/author\/vowiangebote\/"},"comments_num_v2":"0 comments","featured_img":"https:\/\/www.vowiconsulting.de\/wp-content\/uploads\/2022\/10\/IMG-20220928-Bild-01-Kopie.jpg","coauthors":[],"author_meta":{"author_link":"https:\/\/www.vowiconsulting.de\/index.php\/author\/vowiangebote\/","display_name":"vowiangebote"},"relative_dates":{"created":"Posted 4\u00a0Jahren ago","modified":"Updated 4\u00a0Jahren ago"},"absolute_dates":{"created":"Posted on 12\/10\/2022","modified":"Updated on 12\/10\/2022"},"absolute_dates_time":{"created":"Posted on 12\/10\/2022 10:49","modified":"Updated on 12\/10\/2022 12:47"},"featured_img_caption":"","tax_additional":{"language":{"linked":["<a href=\"https:\/\/www.vowiconsulting.de\/\" class=\"advgb-post-tax-term\">Deutsch<\/a>"],"unlinked":["<span class=\"advgb-post-tax-term\">Deutsch<\/span>"],"slug":"language","name":"Languages"},"post_translations":{"linked":["<a href=\"https:\/\/www.vowiconsulting.de\/?taxonomy=post_translations&#038;term=pll_6346a1aa870d5\" class=\"advgb-post-tax-term\">pll_6346a1aa870d5<\/a>"],"unlinked":["<span class=\"advgb-post-tax-term\">pll_6346a1aa870d5<\/span>"],"slug":"post_translations","name":""},"product_type":{"linked":["<a href=\"https:\/\/www.vowiconsulting.de\/?taxonomy=product_type&#038;term=simple\" class=\"advgb-post-tax-term\">simple<\/a>"],"unlinked":["<span class=\"advgb-post-tax-term\">simple<\/span>"],"slug":"product_type","name":"Product type"},"product_visibility":{"linked":[],"unlinked":[],"slug":"product_visibility","name":"Product visibility"},"product_cat":{"linked":["<a href=\"https:\/\/www.vowiconsulting.de\/index.php\/product-category\/geraete-noch-im-einsatz\/\" class=\"advgb-post-tax-term\">Ger\u00e4te, noch im Einsatz<\/a>","<a href=\"https:\/\/www.vowiconsulting.de\/index.php\/product-category\/klinikinventar\/\" class=\"advgb-post-tax-term\">Klinikinventar<\/a>","<a href=\"https:\/\/www.vowiconsulting.de\/index.php\/product-category\/fundgrube\/\" class=\"advgb-post-tax-term\">Fundgrube<\/a>"],"unlinked":["<span class=\"advgb-post-tax-term\">Ger\u00e4te, noch im Einsatz<\/span>","<span class=\"advgb-post-tax-term\">Klinikinventar<\/span>","<span class=\"advgb-post-tax-term\">Fundgrube<\/span>"],"slug":"product_cat","name":"Product categories"},"product_tag":{"linked":[],"unlinked":[],"slug":"product_tag","name":"Product tags"},"product_shipping_class":{"linked":[],"unlinked":[],"slug":"product_shipping_class","name":"Product shipping classes"},"pa_alle-angaben":{"linked":[],"unlinked":[],"slug":"pa_alle-angaben","name":"Product Alle Angaben"},"pa_angebots-nr":{"linked":[],"unlinked":[],"slug":"pa_angebots-nr","name":"Product Angebots-Nr.:"},"pa_baden-wuerttemberg":{"linked":[],"unlinked":[],"slug":"pa_baden-wuerttemberg","name":"Product Baden-Wuerttemberg"},"pa_baujahr":{"linked":[],"unlinked":[],"slug":"pa_baujahr","name":"Product Baujahr:"},"pa_bemerkungen":{"linked":[],"unlinked":[],"slug":"pa_bemerkungen","name":"Product Bemerkungen:"},"pa_bezeichnung":{"linked":[],"unlinked":[],"slug":"pa_bezeichnung","name":"Product Bezeichnung:"},"pa_funktionalitaet":{"linked":[],"unlinked":[],"slug":"pa_funktionalitaet","name":"Product Funktionalit\u00e4t:"},"pa_gewicht":{"linked":[],"unlinked":[],"slug":"pa_gewicht","name":"Product Gewicht:"},"pa_groesse":{"linked":[],"unlinked":[],"slug":"pa_groesse","name":"Product Gr\u00f6\u00dfe:"},"pa_hersteller":{"linked":[],"unlinked":[],"slug":"pa_hersteller","name":"Product Hersteller:"},"pa_kontakt":{"linked":[],"unlinked":[],"slug":"pa_kontakt","name":"Product Kontakt:"},"pa_modell":{"linked":[],"unlinked":[],"slug":"pa_modell","name":"Product Modell:"},"pa_preis":{"linked":[],"unlinked":[],"slug":"pa_preis","name":"Product Preis:"},"pa_serien-nr":{"linked":[],"unlinked":[],"slug":"pa_serien-nr","name":"Product Serien-Nr.:"},"pa_standort":{"linked":[],"unlinked":[],"slug":"pa_standort","name":"Product Standort:"}},"series_order":"","_links":{"self":[{"href":"https:\/\/www.vowiconsulting.de\/index.php\/wp-json\/wp\/v3\/product\/4075"}],"collection":[{"href":"https:\/\/www.vowiconsulting.de\/index.php\/wp-json\/wp\/v3\/product"}],"about":[{"href":"https:\/\/www.vowiconsulting.de\/index.php\/wp-json\/wp\/v2\/types\/product"}],"wp:featuredmedia":[{"embeddable":true,"href":"https:\/\/www.vowiconsulting.de\/index.php\/wp-json\/wp\/v2\/media\/4077"}],"wp:attachment":[{"href":"https:\/\/www.vowiconsulting.de\/index.php\/wp-json\/wp\/v2\/media?parent=4075"}],"wp:term":[{"taxonomy":"product_cat","embeddable":true,"href":"https:\/\/www.vowiconsulting.de\/index.php\/wp-json\/wp\/v2\/product_cat?post=4075"},{"taxonomy":"product_tag","embeddable":true,"href":"https:\/\/www.vowiconsulting.de\/index.php\/wp-json\/wp\/v2\/product_tag?post=4075"}],"curies":[{"name":"wp","href":"https:\/\/api.w.org\/{rel}","templated":true}]}}