{"id":2553,"date":"2020-07-22T09:29:31","date_gmt":"2020-07-22T09:29:31","guid":{"rendered":"https:\/\/www.vowiconsulting.de\/?post_type=product&#038;p=2553"},"modified":"2021-06-12T17:18:03","modified_gmt":"2021-06-12T17:18:03","slug":"hochdruckspritze-angiomat-illumena-digital-injection-system-liebel-flarsheim","status":"publish","type":"product","link":"https:\/\/www.vowiconsulting.de\/index.php\/produkt\/hochdruckspritze-angiomat-illumena-digital-injection-system-liebel-flarsheim\/","title":{"rendered":"Hochdruckspritze Angiomat Illumena Digital Injection System, Liebel-Flarsheim"},"content":{"rendered":"","protected":false},"excerpt":{"rendered":"<table>\n<tbody>\n<tr>\n<td><span style=\"font-family: 'trebuchet ms', geneva, sans-serif; font-size: 10pt;\">Angebots-Nr.:<\/span><\/td>\n<td><span style=\"font-family: 'trebuchet ms', geneva, sans-serif; font-size: 10pt;\">426<\/span><\/td>\n<\/tr>\n<tr>\n<td><span style=\"font-family: 'trebuchet ms', geneva, sans-serif; font-size: 10pt;\">Bezeichnung:<\/span><\/td>\n<td><span style=\"font-family: 'trebuchet ms', geneva, sans-serif; font-size: 10pt;\">Hochdruckspritze Angiomat Illumena Digital Injection System\u00a0<\/span><\/td>\n<\/tr>\n<tr>\n<td><span style=\"font-family: 'trebuchet ms', geneva, sans-serif; font-size: 10pt;\">Hersteller:<\/span><\/td>\n<td><span style=\"font-family: 'trebuchet ms', geneva, sans-serif; font-size: 10pt;\">Liebel-Flarsheim Comp.<\/span><\/td>\n<\/tr>\n<tr>\n<td><span style=\"font-family: 'trebuchet ms', geneva, sans-serif; font-size: 10pt;\">Modell:<\/span><\/td>\n<td><span style=\"font-family: 'trebuchet ms', geneva, sans-serif; font-size: 10pt;\">Angiomat Illumena<\/span><\/td>\n<\/tr>\n<tr>\n<td><span style=\"font-family: 'trebuchet ms', geneva, sans-serif; font-size: 10pt;\">Serien-Nr.:<\/span><\/td>\n<td><span style=\"font-family: 'trebuchet ms', geneva, sans-serif; font-size: 10pt;\">CI0910C002<\/span><\/td>\n<\/tr>\n<tr>\n<td><span style=\"font-family: 'trebuchet ms', geneva, sans-serif; font-size: 10pt;\">Baujahr:<\/span><\/td>\n<td><span style=\"font-family: 'trebuchet ms', geneva, sans-serif; font-size: 10pt;\">2011<\/span><\/td>\n<\/tr>\n<tr>\n<td><span style=\"font-family: 'trebuchet ms', geneva, sans-serif; font-size: 10pt;\">Funktionalit\u00e4t:<\/span><\/td>\n<td><span style=\"font-family: 'trebuchet ms', geneva, sans-serif; font-size: 10pt;\">ja<\/span><\/td>\n<\/tr>\n<tr>\n<td><span style=\"font-family: 'trebuchet ms', geneva, sans-serif; font-size: 10pt;\">Preis:<\/span><\/td>\n<td><span style=\"font-family: 'trebuchet ms', geneva, sans-serif; font-size: 10pt;\">Auf Anfrage\u00a0oder nennen Sie uns<a href=\"https:\/\/www.vowiconsulting.de\/index.php\/ihre-preisvorstellung-2\/\">\u00a0Ihre Preisvorstellung<\/a><\/span><\/td>\n<\/tr>\n<tr>\n<td><span style=\"font-family: 'trebuchet ms', geneva, sans-serif; font-size: 10pt;\">Gr\u00f6sse:<\/span><\/td>\n<td><span style=\"font-family: 'trebuchet ms', geneva, sans-serif; font-size: 10pt;\">126 x 75 x 75 (HxBxT in cm)\u00a0<\/span><\/td>\n<\/tr>\n<tr>\n<td><span style=\"font-family: 'trebuchet ms', geneva, sans-serif; font-size: 10pt;\">Gewicht:<\/span><\/td>\n<td><span style=\"font-family: 'trebuchet ms', geneva, sans-serif; font-size: 10pt;\">70 kg<\/span><\/td>\n<\/tr>\n<tr>\n<td><span style=\"font-family: 'trebuchet ms', geneva, sans-serif; font-size: 10pt;\">Bemerkungen:<\/span><\/td>\n<td><span style=\"font-family: 'trebuchet ms', geneva, sans-serif; font-size: 10pt;\">Zubeh\u00f6r: Netzteil, Konsole, Injektorkopf<\/span><\/p>\n<p><span style=\"font-family: 'trebuchet ms', geneva, sans-serif; font-size: 10pt;\">Ger\u00e4t befand sich bis 2016 im Einsatz (in Kombination mit DSA-Anlage Artis Zee), ist voll funktionsf\u00e4hig und in einem guten Zustand. Technische Dokumentation vollst\u00e4ndig vorhanden. STK-Pr\u00fcfung erforderlich.<\/span><\/td>\n<\/tr>\n<tr>\n<td><span style=\"font-family: 'trebuchet ms', geneva, sans-serif; font-size: 10pt;\">Standort:<\/span><\/td>\n<td><span style=\"font-family: 'trebuchet ms', geneva, sans-serif; font-size: 10pt;\">Deutschland, Hamburg<\/span><\/td>\n<\/tr>\n<tr>\n<td><span style=\"font-family: 'trebuchet ms', geneva, sans-serif; font-size: 10pt;\">Kontakt:<\/span><\/td>\n<td><span style=\"font-family: 'trebuchet ms', geneva, sans-serif; font-size: 10pt;\"><a href=\"mailto:gf@vowiconsulting.de\" target=\"_blank\" rel=\"noopener noreferrer\">gf@vowiconsulting.de<\/a>, Tel. 0049 (0) 176\u00a06580 4599<\/span><\/td>\n<\/tr>\n<\/tbody>\n<\/table>\n<p style=\"text-align: right;\"><span style=\"font-family: 'trebuchet ms', geneva, sans-serif; font-size: 10pt;\"><em>(Angaben lt. Auftraggeber)<\/em><\/span><\/p>\n","protected":false},"author":1,"featured_media":3598,"template":"","meta":{"advgb_blocks_editor_width":"","advgb_blocks_columns_visual_guide":""},"product_cat":[31],"product_tag":[],"featured_image_urls":{"full":["https:\/\/www.vowiconsulting.de\/wp-content\/uploads\/2020\/07\/Angbots-Nr.426-verkauft.jpg",844,900,false],"thumbnail":["https:\/\/www.vowiconsulting.de\/wp-content\/uploads\/2020\/07\/Angbots-Nr.426-verkauft-150x150.jpg",150,150,true],"medium":["https:\/\/www.vowiconsulting.de\/wp-content\/uploads\/2020\/07\/Angbots-Nr.426-verkauft-281x300.jpg",281,300,true],"medium_large":["https:\/\/www.vowiconsulting.de\/wp-content\/uploads\/2020\/07\/Angbots-Nr.426-verkauft-768x819.jpg",768,819,true],"large":["https:\/\/www.vowiconsulting.de\/wp-content\/uploads\/2020\/07\/Angbots-Nr.426-verkauft.jpg",844,900,false],"1536x1536":["https:\/\/www.vowiconsulting.de\/wp-content\/uploads\/2020\/07\/Angbots-Nr.426-verkauft.jpg",844,900,false],"2048x2048":["https:\/\/www.vowiconsulting.de\/wp-content\/uploads\/2020\/07\/Angbots-Nr.426-verkauft.jpg",844,900,false],"post-thumbnail":["https:\/\/www.vowiconsulting.de\/wp-content\/uploads\/2020\/07\/Angbots-Nr.426-verkauft.jpg",281,300,false],"bravada-featured":["https:\/\/www.vowiconsulting.de\/wp-content\/uploads\/2020\/07\/Angbots-Nr.426-verkauft.jpg",281,300,false],"bravada-featured-lp":["https:\/\/www.vowiconsulting.de\/wp-content\/uploads\/2020\/07\/Angbots-Nr.426-verkauft.jpg",281,300,false],"bravada-featured-half":["https:\/\/www.vowiconsulting.de\/wp-content\/uploads\/2020\/07\/Angbots-Nr.426-verkauft.jpg",281,300,false],"bravada-featured-third":["https:\/\/www.vowiconsulting.de\/wp-content\/uploads\/2020\/07\/Angbots-Nr.426-verkauft.jpg",281,300,false],"bravada-lpbox-1":["https:\/\/www.vowiconsulting.de\/wp-content\/uploads\/2020\/07\/Angbots-Nr.426-verkauft.jpg",234,250,false],"bravada-lpbox-2":["https:\/\/www.vowiconsulting.de\/wp-content\/uploads\/2020\/07\/Angbots-Nr.426-verkauft.jpg",281,300,false],"woocommerce_thumbnail":["https:\/\/www.vowiconsulting.de\/wp-content\/uploads\/2020\/07\/Angbots-Nr.426-verkauft-400x300.jpg",400,300,true],"woocommerce_single":["https:\/\/www.vowiconsulting.de\/wp-content\/uploads\/2020\/07\/Angbots-Nr.426-verkauft-450x480.jpg",450,480,true],"woocommerce_gallery_thumbnail":["https:\/\/www.vowiconsulting.de\/wp-content\/uploads\/2020\/07\/Angbots-Nr.426-verkauft-100x100.jpg",100,100,true]},"post_excerpt_stackable":"<table>\n<tbody>\n<tr>\n<td><span style=\"font-family: 'trebuchet ms', geneva, sans-serif; font-size: 10pt;\">Angebots-Nr.:<\/span><\/td>\n<td><span style=\"font-family: 'trebuchet ms', geneva, sans-serif; font-size: 10pt;\">426<\/span><\/td>\n<\/tr>\n<tr>\n<td><span style=\"font-family: 'trebuchet ms', geneva, sans-serif; font-size: 10pt;\">Bezeichnung:<\/span><\/td>\n<td><span style=\"font-family: 'trebuchet ms', geneva, sans-serif; font-size: 10pt;\">Hochdruckspritze Angiomat Illumena Digital Injection System\u00a0<\/span><\/td>\n<\/tr>\n<tr>\n<td><span style=\"font-family: 'trebuchet ms', geneva, sans-serif; font-size: 10pt;\">Hersteller:<\/span><\/td>\n<td><span style=\"font-family: 'trebuchet ms', geneva, sans-serif; font-size: 10pt;\">Liebel-Flarsheim Comp.<\/span><\/td>\n<\/tr>\n<tr>\n<td><span style=\"font-family: 'trebuchet ms', geneva, sans-serif; font-size: 10pt;\">Modell:<\/span><\/td>\n<td><span style=\"font-family: 'trebuchet ms', geneva, sans-serif; font-size: 10pt;\">Angiomat Illumena<\/span><\/td>\n<\/tr>\n<tr>\n<td><span style=\"font-family: 'trebuchet ms', geneva, sans-serif; font-size: 10pt;\">Serien-Nr.:<\/span><\/td>\n<td><span style=\"font-family: 'trebuchet ms', geneva, sans-serif; font-size: 10pt;\">CI0910C002<\/span><\/td>\n<\/tr>\n<tr>\n<td><span style=\"font-family: 'trebuchet ms', geneva, sans-serif; font-size: 10pt;\">Baujahr:<\/span><\/td>\n<td><span style=\"font-family: 'trebuchet ms', geneva, sans-serif; font-size: 10pt;\">2011<\/span><\/td>\n<\/tr>\n<tr>\n<td><span style=\"font-family: 'trebuchet ms', geneva, sans-serif; font-size: 10pt;\">Funktionalit\u00e4t:<\/span><\/td>\n<td><span style=\"font-family: 'trebuchet ms', geneva, sans-serif; font-size: 10pt;\">ja<\/span><\/td>\n<\/tr>\n<tr>\n<td><span style=\"font-family: 'trebuchet ms', geneva, sans-serif; font-size: 10pt;\">Preis:<\/span><\/td>\n<td><span style=\"font-family: 'trebuchet ms', geneva, sans-serif; font-size: 10pt;\">Auf Anfrage\u00a0oder nennen Sie uns<a href=\"https:\/\/www.vowiconsulting.de\/index.php\/ihre-preisvorstellung-2\/\">\u00a0Ihre Preisvorstellung<\/a><\/span><\/td>\n<\/tr>\n<tr>\n<td><span style=\"font-family: 'trebuchet ms', geneva, sans-serif; font-size: 10pt;\">Gr\u00f6sse:<\/span><\/td>\n<td><span style=\"font-family: 'trebuchet ms', geneva, sans-serif; font-size: 10pt;\">126 x 75 x 75 (HxBxT in cm)\u00a0<\/span><\/td>\n<\/tr>\n<tr>\n<td><span style=\"font-family: 'trebuchet ms', geneva, sans-serif; font-size: 10pt;\">Gewicht:<\/span><\/td>\n<td><span style=\"font-family: 'trebuchet ms', geneva, sans-serif; font-size: 10pt;\">70 kg<\/span><\/td>\n<\/tr>\n<tr>\n<td><span style=\"font-family: 'trebuchet ms', geneva, sans-serif; font-size: 10pt;\">Bemerkungen:<\/span><\/td>\n<td><span style=\"font-family: 'trebuchet ms', geneva, sans-serif; font-size: 10pt;\">Zubeh\u00f6r: Netzteil, Konsole, Injektorkopf<\/span><\/p>\n<p><span style=\"font-family: 'trebuchet ms', geneva, sans-serif; font-size: 10pt;\">Ger\u00e4t befand sich bis 2016 im Einsatz (in Kombination mit DSA-Anlage Artis Zee), ist voll funktionsf\u00e4hig und in einem guten Zustand. Technische Dokumentation vollst\u00e4ndig vorhanden. STK-Pr\u00fcfung erforderlich.<\/span><\/td>\n<\/tr>\n<tr>\n<td><span style=\"font-family: 'trebuchet ms', geneva, sans-serif; font-size: 10pt;\">Standort:<\/span><\/td>\n<td><span style=\"font-family: 'trebuchet ms', geneva, sans-serif; font-size: 10pt;\">Deutschland, Hamburg<\/span><\/td>\n<\/tr>\n<tr>\n<td><span style=\"font-family: 'trebuchet ms', geneva, sans-serif; font-size: 10pt;\">Kontakt:<\/span><\/td>\n<td><span style=\"font-family: 'trebuchet ms', geneva, sans-serif; font-size: 10pt;\"><a href=\"mailto:gf@vowiconsulting.de\" target=\"_blank\" rel=\"noopener noreferrer\">gf@vowiconsulting.de<\/a>, Tel. 0049 (0) 176\u00a06580 4599<\/span><\/td>\n<\/tr>\n<\/tbody>\n<\/table>\n<p style=\"text-align: right;\"><span style=\"font-family: 'trebuchet ms', geneva, sans-serif; font-size: 10pt;\"><em>(Angaben lt. Auftraggeber)<\/em><\/span><\/p>\n","category_list":"","author_info":{"name":"vowiangebote","url":"https:\/\/www.vowiconsulting.de\/index.php\/author\/vowiangebote\/"},"comments_num":"0 comments","featured_image_urls_v2":{"full":["https:\/\/www.vowiconsulting.de\/wp-content\/uploads\/2020\/07\/Angbots-Nr.426-verkauft.jpg",844,900,false],"thumbnail":["https:\/\/www.vowiconsulting.de\/wp-content\/uploads\/2020\/07\/Angbots-Nr.426-verkauft-150x150.jpg",150,150,true],"medium":["https:\/\/www.vowiconsulting.de\/wp-content\/uploads\/2020\/07\/Angbots-Nr.426-verkauft-281x300.jpg",281,300,true],"medium_large":["https:\/\/www.vowiconsulting.de\/wp-content\/uploads\/2020\/07\/Angbots-Nr.426-verkauft-768x819.jpg",768,819,true],"large":["https:\/\/www.vowiconsulting.de\/wp-content\/uploads\/2020\/07\/Angbots-Nr.426-verkauft.jpg",844,900,false],"1536x1536":["https:\/\/www.vowiconsulting.de\/wp-content\/uploads\/2020\/07\/Angbots-Nr.426-verkauft.jpg",844,900,false],"2048x2048":["https:\/\/www.vowiconsulting.de\/wp-content\/uploads\/2020\/07\/Angbots-Nr.426-verkauft.jpg",844,900,false],"post-thumbnail":["https:\/\/www.vowiconsulting.de\/wp-content\/uploads\/2020\/07\/Angbots-Nr.426-verkauft.jpg",281,300,false],"bravada-featured":["https:\/\/www.vowiconsulting.de\/wp-content\/uploads\/2020\/07\/Angbots-Nr.426-verkauft.jpg",281,300,false],"bravada-featured-lp":["https:\/\/www.vowiconsulting.de\/wp-content\/uploads\/2020\/07\/Angbots-Nr.426-verkauft.jpg",281,300,false],"bravada-featured-half":["https:\/\/www.vowiconsulting.de\/wp-content\/uploads\/2020\/07\/Angbots-Nr.426-verkauft.jpg",281,300,false],"bravada-featured-third":["https:\/\/www.vowiconsulting.de\/wp-content\/uploads\/2020\/07\/Angbots-Nr.426-verkauft.jpg",281,300,false],"bravada-lpbox-1":["https:\/\/www.vowiconsulting.de\/wp-content\/uploads\/2020\/07\/Angbots-Nr.426-verkauft.jpg",234,250,false],"bravada-lpbox-2":["https:\/\/www.vowiconsulting.de\/wp-content\/uploads\/2020\/07\/Angbots-Nr.426-verkauft.jpg",281,300,false],"woocommerce_thumbnail":["https:\/\/www.vowiconsulting.de\/wp-content\/uploads\/2020\/07\/Angbots-Nr.426-verkauft-400x300.jpg",400,300,true],"woocommerce_single":["https:\/\/www.vowiconsulting.de\/wp-content\/uploads\/2020\/07\/Angbots-Nr.426-verkauft-450x480.jpg",450,480,true],"woocommerce_gallery_thumbnail":["https:\/\/www.vowiconsulting.de\/wp-content\/uploads\/2020\/07\/Angbots-Nr.426-verkauft-100x100.jpg",100,100,true]},"post_excerpt_stackable_v2":"<table>\n<tbody>\n<tr>\n<td><span style=\"font-family: 'trebuchet ms', geneva, sans-serif; font-size: 10pt;\">Angebots-Nr.:<\/span><\/td>\n<td><span style=\"font-family: 'trebuchet ms', geneva, sans-serif; font-size: 10pt;\">426<\/span><\/td>\n<\/tr>\n<tr>\n<td><span style=\"font-family: 'trebuchet ms', geneva, sans-serif; font-size: 10pt;\">Bezeichnung:<\/span><\/td>\n<td><span style=\"font-family: 'trebuchet ms', geneva, sans-serif; font-size: 10pt;\">Hochdruckspritze Angiomat Illumena Digital Injection System\u00a0<\/span><\/td>\n<\/tr>\n<tr>\n<td><span style=\"font-family: 'trebuchet ms', geneva, sans-serif; font-size: 10pt;\">Hersteller:<\/span><\/td>\n<td><span style=\"font-family: 'trebuchet ms', geneva, sans-serif; font-size: 10pt;\">Liebel-Flarsheim Comp.<\/span><\/td>\n<\/tr>\n<tr>\n<td><span style=\"font-family: 'trebuchet ms', geneva, sans-serif; font-size: 10pt;\">Modell:<\/span><\/td>\n<td><span style=\"font-family: 'trebuchet ms', geneva, sans-serif; font-size: 10pt;\">Angiomat Illumena<\/span><\/td>\n<\/tr>\n<tr>\n<td><span style=\"font-family: 'trebuchet ms', geneva, sans-serif; font-size: 10pt;\">Serien-Nr.:<\/span><\/td>\n<td><span style=\"font-family: 'trebuchet ms', geneva, sans-serif; font-size: 10pt;\">CI0910C002<\/span><\/td>\n<\/tr>\n<tr>\n<td><span style=\"font-family: 'trebuchet ms', geneva, sans-serif; font-size: 10pt;\">Baujahr:<\/span><\/td>\n<td><span style=\"font-family: 'trebuchet ms', geneva, sans-serif; font-size: 10pt;\">2011<\/span><\/td>\n<\/tr>\n<tr>\n<td><span style=\"font-family: 'trebuchet ms', geneva, sans-serif; font-size: 10pt;\">Funktionalit\u00e4t:<\/span><\/td>\n<td><span style=\"font-family: 'trebuchet ms', geneva, sans-serif; font-size: 10pt;\">ja<\/span><\/td>\n<\/tr>\n<tr>\n<td><span style=\"font-family: 'trebuchet ms', geneva, sans-serif; font-size: 10pt;\">Preis:<\/span><\/td>\n<td><span style=\"font-family: 'trebuchet ms', geneva, sans-serif; font-size: 10pt;\">Auf Anfrage\u00a0oder nennen Sie uns<a href=\"https:\/\/www.vowiconsulting.de\/index.php\/ihre-preisvorstellung-2\/\">\u00a0Ihre Preisvorstellung<\/a><\/span><\/td>\n<\/tr>\n<tr>\n<td><span style=\"font-family: 'trebuchet ms', geneva, sans-serif; font-size: 10pt;\">Gr\u00f6sse:<\/span><\/td>\n<td><span style=\"font-family: 'trebuchet ms', geneva, sans-serif; font-size: 10pt;\">126 x 75 x 75 (HxBxT in cm)\u00a0<\/span><\/td>\n<\/tr>\n<tr>\n<td><span style=\"font-family: 'trebuchet ms', geneva, sans-serif; font-size: 10pt;\">Gewicht:<\/span><\/td>\n<td><span style=\"font-family: 'trebuchet ms', geneva, sans-serif; font-size: 10pt;\">70 kg<\/span><\/td>\n<\/tr>\n<tr>\n<td><span style=\"font-family: 'trebuchet ms', geneva, sans-serif; font-size: 10pt;\">Bemerkungen:<\/span><\/td>\n<td><span style=\"font-family: 'trebuchet ms', geneva, sans-serif; font-size: 10pt;\">Zubeh\u00f6r: Netzteil, Konsole, Injektorkopf<\/span><\/p>\n<p><span style=\"font-family: 'trebuchet ms', geneva, sans-serif; font-size: 10pt;\">Ger\u00e4t befand sich bis 2016 im Einsatz (in Kombination mit DSA-Anlage Artis Zee), ist voll funktionsf\u00e4hig und in einem guten Zustand. Technische Dokumentation vollst\u00e4ndig vorhanden. STK-Pr\u00fcfung erforderlich.<\/span><\/td>\n<\/tr>\n<tr>\n<td><span style=\"font-family: 'trebuchet ms', geneva, sans-serif; font-size: 10pt;\">Standort:<\/span><\/td>\n<td><span style=\"font-family: 'trebuchet ms', geneva, sans-serif; font-size: 10pt;\">Deutschland, Hamburg<\/span><\/td>\n<\/tr>\n<tr>\n<td><span style=\"font-family: 'trebuchet ms', geneva, sans-serif; font-size: 10pt;\">Kontakt:<\/span><\/td>\n<td><span style=\"font-family: 'trebuchet ms', geneva, sans-serif; font-size: 10pt;\"><a href=\"mailto:gf@vowiconsulting.de\" target=\"_blank\" rel=\"noopener noreferrer\">gf@vowiconsulting.de<\/a>, Tel. 0049 (0) 176\u00a06580 4599<\/span><\/td>\n<\/tr>\n<\/tbody>\n<\/table>\n<p style=\"text-align: right;\"><span style=\"font-family: 'trebuchet ms', geneva, sans-serif; font-size: 10pt;\"><em>(Angaben lt. Auftraggeber)<\/em><\/span><\/p>\n","category_list_v2":"","author_info_v2":{"name":"vowiangebote","url":"https:\/\/www.vowiconsulting.de\/index.php\/author\/vowiangebote\/"},"comments_num_v2":"0 comments","featured_img":"https:\/\/www.vowiconsulting.de\/wp-content\/uploads\/2020\/07\/Angbots-Nr.426-verkauft.jpg","coauthors":[],"author_meta":{"author_link":"https:\/\/www.vowiconsulting.de\/index.php\/author\/vowiangebote\/","display_name":"vowiangebote"},"relative_dates":{"created":"Posted 6\u00a0Jahren ago","modified":"Updated 5\u00a0Jahren ago"},"absolute_dates":{"created":"Posted on 22\/07\/2020","modified":"Updated on 12\/06\/2021"},"absolute_dates_time":{"created":"Posted on 22\/07\/2020 09:29","modified":"Updated on 12\/06\/2021 17:18"},"featured_img_caption":"","tax_additional":{"language":{"linked":["<a href=\"https:\/\/www.vowiconsulting.de\/\" class=\"advgb-post-tax-term\">Deutsch<\/a>"],"unlinked":["<span class=\"advgb-post-tax-term\">Deutsch<\/span>"],"slug":"language","name":"Languages"},"post_translations":{"linked":["<a href=\"https:\/\/www.vowiconsulting.de\/?taxonomy=post_translations&#038;term=pll_5f18352ecf05b\" class=\"advgb-post-tax-term\">pll_5f18352ecf05b<\/a>"],"unlinked":["<span class=\"advgb-post-tax-term\">pll_5f18352ecf05b<\/span>"],"slug":"post_translations","name":""},"product_type":{"linked":["<a href=\"https:\/\/www.vowiconsulting.de\/?taxonomy=product_type&#038;term=simple\" class=\"advgb-post-tax-term\">simple<\/a>"],"unlinked":["<span class=\"advgb-post-tax-term\">simple<\/span>"],"slug":"product_type","name":"Product type"},"product_visibility":{"linked":[],"unlinked":[],"slug":"product_visibility","name":"Product visibility"},"product_cat":{"linked":["<a href=\"https:\/\/www.vowiconsulting.de\/index.php\/product-category\/fundgrube\/\" class=\"advgb-post-tax-term\">Fundgrube<\/a>"],"unlinked":["<span class=\"advgb-post-tax-term\">Fundgrube<\/span>"],"slug":"product_cat","name":"Product categories"},"product_tag":{"linked":[],"unlinked":[],"slug":"product_tag","name":"Product tags"},"product_shipping_class":{"linked":[],"unlinked":[],"slug":"product_shipping_class","name":"Product shipping classes"},"pa_alle-angaben":{"linked":[],"unlinked":[],"slug":"pa_alle-angaben","name":"Product Alle Angaben"},"pa_angebots-nr":{"linked":[],"unlinked":[],"slug":"pa_angebots-nr","name":"Product Angebots-Nr.:"},"pa_baden-wuerttemberg":{"linked":[],"unlinked":[],"slug":"pa_baden-wuerttemberg","name":"Product Baden-Wuerttemberg"},"pa_baujahr":{"linked":[],"unlinked":[],"slug":"pa_baujahr","name":"Product Baujahr:"},"pa_bemerkungen":{"linked":[],"unlinked":[],"slug":"pa_bemerkungen","name":"Product Bemerkungen:"},"pa_bezeichnung":{"linked":[],"unlinked":[],"slug":"pa_bezeichnung","name":"Product Bezeichnung:"},"pa_funktionalitaet":{"linked":[],"unlinked":[],"slug":"pa_funktionalitaet","name":"Product Funktionalit\u00e4t:"},"pa_gewicht":{"linked":[],"unlinked":[],"slug":"pa_gewicht","name":"Product Gewicht:"},"pa_groesse":{"linked":[],"unlinked":[],"slug":"pa_groesse","name":"Product Gr\u00f6\u00dfe:"},"pa_hersteller":{"linked":[],"unlinked":[],"slug":"pa_hersteller","name":"Product Hersteller:"},"pa_kontakt":{"linked":[],"unlinked":[],"slug":"pa_kontakt","name":"Product Kontakt:"},"pa_modell":{"linked":[],"unlinked":[],"slug":"pa_modell","name":"Product Modell:"},"pa_preis":{"linked":[],"unlinked":[],"slug":"pa_preis","name":"Product Preis:"},"pa_serien-nr":{"linked":[],"unlinked":[],"slug":"pa_serien-nr","name":"Product Serien-Nr.:"},"pa_standort":{"linked":[],"unlinked":[],"slug":"pa_standort","name":"Product Standort:"}},"series_order":"","_links":{"self":[{"href":"https:\/\/www.vowiconsulting.de\/index.php\/wp-json\/wp\/v3\/product\/2553"}],"collection":[{"href":"https:\/\/www.vowiconsulting.de\/index.php\/wp-json\/wp\/v3\/product"}],"about":[{"href":"https:\/\/www.vowiconsulting.de\/index.php\/wp-json\/wp\/v2\/types\/product"}],"wp:featuredmedia":[{"embeddable":true,"href":"https:\/\/www.vowiconsulting.de\/index.php\/wp-json\/wp\/v2\/media\/3598"}],"wp:attachment":[{"href":"https:\/\/www.vowiconsulting.de\/index.php\/wp-json\/wp\/v2\/media?parent=2553"}],"wp:term":[{"taxonomy":"product_cat","embeddable":true,"href":"https:\/\/www.vowiconsulting.de\/index.php\/wp-json\/wp\/v2\/product_cat?post=2553"},{"taxonomy":"product_tag","embeddable":true,"href":"https:\/\/www.vowiconsulting.de\/index.php\/wp-json\/wp\/v2\/product_tag?post=2553"}],"curies":[{"name":"wp","href":"https:\/\/api.w.org\/{rel}","templated":true}]}}