{"id":1966,"date":"2020-02-11T10:54:39","date_gmt":"2020-02-11T10:54:39","guid":{"rendered":"https:\/\/www.vowiconsulting.de\/?post_type=product&#038;p=1966"},"modified":"2020-02-12T12:22:51","modified_gmt":"2020-02-12T12:22:51","slug":"tpetpn-ueberdruck-isolator-1-2m-enviar","status":"publish","type":"product","link":"https:\/\/www.vowiconsulting.de\/index.php\/produkt\/tpetpn-ueberdruck-isolator-1-2m-enviar\/","title":{"rendered":"TPE\/TPN \u00dcberdruck Isolator 1.2m, Envair"},"content":{"rendered":"","protected":false},"excerpt":{"rendered":"<table>\n<tbody>\n<tr>\n<td><span style=\"font-family: 'trebuchet ms', geneva, sans-serif; font-size: 10pt;\">Angebots-Nr.:<\/span><\/td>\n<td><span style=\"font-family: 'trebuchet ms', geneva, sans-serif; font-size: 10pt;\">405<\/span><\/td>\n<\/tr>\n<tr>\n<td><span style=\"font-family: 'trebuchet ms', geneva, sans-serif; font-size: 10pt;\">Bezeichnung:<\/span><\/td>\n<td><span style=\"font-family: 'trebuchet ms', geneva, sans-serif; font-size: 10pt;\">TPE\/TPN \u00dcberdruck Isolator 1.2m<\/span><\/td>\n<\/tr>\n<tr>\n<td><span style=\"font-family: 'trebuchet ms', geneva, sans-serif; font-size: 10pt;\">Hersteller:<\/span><\/td>\n<td><span style=\"font-family: 'trebuchet ms', geneva, sans-serif; font-size: 10pt;\">Envair Deutschland GmbH<\/span><\/td>\n<\/tr>\n<tr>\n<td><span style=\"font-family: 'trebuchet ms', geneva, sans-serif; font-size: 10pt;\">Modell:<\/span><\/td>\n<td><span style=\"font-family: 'trebuchet ms', geneva, sans-serif; font-size: 10pt;\">PHA 2G2R<\/span><\/td>\n<\/tr>\n<tr>\n<td><span style=\"font-family: 'trebuchet ms', geneva, sans-serif; font-size: 10pt;\">Serien-Nr.:<\/span><\/td>\n<td><span style=\"font-family: 'trebuchet ms', geneva, sans-serif;\"><span style=\"font-size: 13.3333px;\">W08409<\/span><\/span><\/td>\n<\/tr>\n<tr>\n<td><span style=\"font-family: 'trebuchet ms', geneva, sans-serif; font-size: 10pt;\">Baujahr:<\/span><\/td>\n<td><span style=\"font-family: 'trebuchet ms', geneva, sans-serif; font-size: 10pt;\">03\/2013<\/span><\/td>\n<\/tr>\n<tr>\n<td><span style=\"font-family: 'trebuchet ms', geneva, sans-serif; font-size: 10pt;\">Funktionalit\u00e4t:<\/span><\/td>\n<td><span style=\"font-family: 'trebuchet ms', geneva, sans-serif; font-size: 10pt;\">ja<\/span><\/td>\n<\/tr>\n<tr>\n<td><span style=\"font-family: 'trebuchet ms', geneva, sans-serif; font-size: 10pt;\">Preis:<\/span><\/td>\n<td><span style=\"font-family: 'trebuchet ms', geneva, sans-serif; font-size: 10pt;\">Auf Anfrage\u00a0oder nennen Sie uns<a href=\"https:\/\/www.vowiconsulting.de\/index.php\/ihre-preisvorstellung-2\/\">\u00a0Ihre Preisvorstellung<\/a><\/span><\/td>\n<\/tr>\n<tr>\n<td><span style=\"font-family: 'trebuchet ms', geneva, sans-serif; font-size: 10pt;\">Gr\u00f6sse:<\/span><\/td>\n<td><span style=\"font-family: 'trebuchet ms', geneva, sans-serif;\"><span style=\"font-size: 13.3333px;\">Abmessungen (mm) L\u00e4nge, Breite, H\u00f6he : 2414 x 750 x 2280 mm<\/span><\/span><\/td>\n<\/tr>\n<tr>\n<td><span style=\"font-family: 'trebuchet ms', geneva, sans-serif; font-size: 10pt;\">Gewicht:<\/span><\/td>\n<td><span style=\"font-family: 'trebuchet ms', geneva, sans-serif; font-size: 10pt;\">350 kg<\/span><\/td>\n<\/tr>\n<tr>\n<td><span style=\"font-family: 'trebuchet ms', geneva, sans-serif; font-size: 10pt;\">Bemerkungen:<\/span><\/td>\n<td><span style=\"font-family: 'trebuchet ms', geneva, sans-serif; font-size: 10pt;\"><strong>Zum Verarbeiten von:<\/strong><br \/>\n\u2013 TPE\/TPN-Mischungen<br \/>\n\u2013 IV-L\u00f6sungen<br \/>\n\u2013 Augentropfen<br \/>\n\u2013 Stammzellen und Nabelschnurblut<br \/>\n\u2013 CIV AS<\/span><span style=\"font-family: 'trebuchet ms', geneva, sans-serif; font-size: 10pt;\"><strong>Merkmale:<\/strong><br \/>\n\u2013 Luftqualit\u00e4t Reinraumklasse A (unidirektionale Verdr\u00e4ngungsstr\u00f6mung LF)\u00a0nach EU-GMP-Guide im gesamten\u00a0Arbeitsbereich<br \/>\n\u2013 Ergonomisch konzipierter Arbeitsbereich<br \/>\n\u2013 Hohe Luftwechselrate im Nutzraum und Schleusen<br \/>\n\u2013 Schleusen sind mit Transfertabletts ausgestattet<br \/>\n\u2013 Schleusen haben eine gegenseitige, elektro-magnetische T\u00fcrverriegelung<br \/>\n\u2013 Steriles Handschuhwechselsystem<br \/>\n\u2013 Leichtes Reinigen der Innen- und Au\u00dfenfl\u00e4chen<br \/>\n\u2013 Leicht zu reinigende Steuerung Folientastatur<br \/>\n\u2013 Einfache \u00dcberwachung, Pr\u00fcfung und Wartung<br \/>\n\u2013 Automatischer Drucktest<\/span><span style=\"font-family: 'trebuchet ms', geneva, sans-serif; font-size: 10pt;\">Modell: PHA 2G2R, 2-Hand Modell<br \/>\n<\/span><span style=\"font-family: 'trebuchet ms', geneva, sans-serif; font-size: 10pt;\"><strong>Normen:\u00a0<\/strong>EN ISO 14644-7, EN ISO 14644-1 Klasse 5, EN 61010, VDI 2083-1, VDI 2083-3,\u00a0VDE 57789<br \/>\nFilter: HEPA H14<br \/>\nFilterklasse: DIN EN 1822<br \/>\nAbscheidegrad: 99,995 %<br \/>\nUmluftvolumen: 0.1 m\/s = 360m\u00b3\/h<br \/>\nLuftwechselrate pro Stunde, Schleuse: 3400<br \/>\nLuftwechselrate pro Stunde, Nutzraum:\u00a01800<br \/>\nUmluft:\u00a01570<br \/>\nNutzraum Edelstahl: 1.4404<br \/>\nAu\u00dfengeh\u00e4use: Epoxy Pulverbeschichtet<br \/>\nFarbe: wei\u00df<br \/>\nEdelstahl: Rautiefe &lt; 0,5\u03bcm<br \/>\nGer\u00e4uschpegel: &lt;60 dB(A)<br \/>\nTemperaturerh\u00f6hung Nutzraum: 4 \u2013 6 \u00b0C<\/span><\/td>\n<\/tr>\n<tr>\n<td><span style=\"font-family: 'trebuchet ms', geneva, sans-serif; font-size: 10pt;\">Standort:<\/span><\/td>\n<td><span style=\"font-family: 'trebuchet ms', geneva, sans-serif; font-size: 10pt;\">Deutschland, Nordrhein-Westfalen<\/span><\/td>\n<\/tr>\n<tr>\n<td><span style=\"font-family: 'trebuchet ms', geneva, sans-serif; font-size: 10pt;\">Kontakt:<\/span><\/td>\n<td><span style=\"font-family: 'trebuchet ms', geneva, sans-serif; font-size: 10pt;\"><a href=\"mailto:gf@vowiconsulting.de\" target=\"_blank\" rel=\"noopener\">gf@vowiconsulting.de<\/a>, Tel. 0049 (0) 176\u00a06580 4599<\/span><\/td>\n<\/tr>\n<\/tbody>\n<\/table>\n<p style=\"text-align: right;\"><span style=\"font-family: 'trebuchet ms', geneva, sans-serif; font-size: 10pt;\"><em>(Angaben lt. Auftraggeber)<\/em><\/span><\/p>\n","protected":false},"author":1,"featured_media":1968,"template":"","meta":{"advgb_blocks_editor_width":"","advgb_blocks_columns_visual_guide":""},"product_cat":[75],"product_tag":[],"featured_image_urls":{"full":["https:\/\/www.vowiconsulting.de\/wp-content\/uploads\/2020\/02\/TPETPN-\u00dcberdruck-Isolator-01_IMG_0261.jpg",750,1000,false],"thumbnail":["https:\/\/www.vowiconsulting.de\/wp-content\/uploads\/2020\/02\/TPETPN-\u00dcberdruck-Isolator-01_IMG_0261-150x150.jpg",150,150,true],"medium":["https:\/\/www.vowiconsulting.de\/wp-content\/uploads\/2020\/02\/TPETPN-\u00dcberdruck-Isolator-01_IMG_0261-225x300.jpg",225,300,true],"medium_large":["https:\/\/www.vowiconsulting.de\/wp-content\/uploads\/2020\/02\/TPETPN-\u00dcberdruck-Isolator-01_IMG_0261.jpg",750,1000,false],"large":["https:\/\/www.vowiconsulting.de\/wp-content\/uploads\/2020\/02\/TPETPN-\u00dcberdruck-Isolator-01_IMG_0261.jpg",750,1000,false],"1536x1536":["https:\/\/www.vowiconsulting.de\/wp-content\/uploads\/2020\/02\/TPETPN-\u00dcberdruck-Isolator-01_IMG_0261.jpg",750,1000,false],"2048x2048":["https:\/\/www.vowiconsulting.de\/wp-content\/uploads\/2020\/02\/TPETPN-\u00dcberdruck-Isolator-01_IMG_0261.jpg",750,1000,false],"post-thumbnail":["https:\/\/www.vowiconsulting.de\/wp-content\/uploads\/2020\/02\/TPETPN-\u00dcberdruck-Isolator-01_IMG_0261.jpg",225,300,false],"bravada-featured":["https:\/\/www.vowiconsulting.de\/wp-content\/uploads\/2020\/02\/TPETPN-\u00dcberdruck-Isolator-01_IMG_0261.jpg",225,300,false],"bravada-featured-lp":["https:\/\/www.vowiconsulting.de\/wp-content\/uploads\/2020\/02\/TPETPN-\u00dcberdruck-Isolator-01_IMG_0261.jpg",225,300,false],"bravada-featured-half":["https:\/\/www.vowiconsulting.de\/wp-content\/uploads\/2020\/02\/TPETPN-\u00dcberdruck-Isolator-01_IMG_0261.jpg",225,300,false],"bravada-featured-third":["https:\/\/www.vowiconsulting.de\/wp-content\/uploads\/2020\/02\/TPETPN-\u00dcberdruck-Isolator-01_IMG_0261.jpg",225,300,false],"bravada-lpbox-1":["https:\/\/www.vowiconsulting.de\/wp-content\/uploads\/2020\/02\/TPETPN-\u00dcberdruck-Isolator-01_IMG_0261.jpg",188,250,false],"bravada-lpbox-2":["https:\/\/www.vowiconsulting.de\/wp-content\/uploads\/2020\/02\/TPETPN-\u00dcberdruck-Isolator-01_IMG_0261.jpg",225,300,false],"woocommerce_thumbnail":["https:\/\/www.vowiconsulting.de\/wp-content\/uploads\/2020\/02\/TPETPN-\u00dcberdruck-Isolator-01_IMG_0261-400x300.jpg",400,300,true],"woocommerce_single":["https:\/\/www.vowiconsulting.de\/wp-content\/uploads\/2020\/02\/TPETPN-\u00dcberdruck-Isolator-01_IMG_0261-450x600.jpg",450,600,true],"woocommerce_gallery_thumbnail":["https:\/\/www.vowiconsulting.de\/wp-content\/uploads\/2020\/02\/TPETPN-\u00dcberdruck-Isolator-01_IMG_0261-100x100.jpg",100,100,true]},"post_excerpt_stackable":"<table>\n<tbody>\n<tr>\n<td><span style=\"font-family: 'trebuchet ms', geneva, sans-serif; font-size: 10pt;\">Angebots-Nr.:<\/span><\/td>\n<td><span style=\"font-family: 'trebuchet ms', geneva, sans-serif; font-size: 10pt;\">405<\/span><\/td>\n<\/tr>\n<tr>\n<td><span style=\"font-family: 'trebuchet ms', geneva, sans-serif; font-size: 10pt;\">Bezeichnung:<\/span><\/td>\n<td><span style=\"font-family: 'trebuchet ms', geneva, sans-serif; font-size: 10pt;\">TPE\/TPN \u00dcberdruck Isolator 1.2m<\/span><\/td>\n<\/tr>\n<tr>\n<td><span style=\"font-family: 'trebuchet ms', geneva, sans-serif; font-size: 10pt;\">Hersteller:<\/span><\/td>\n<td><span style=\"font-family: 'trebuchet ms', geneva, sans-serif; font-size: 10pt;\">Envair Deutschland GmbH<\/span><\/td>\n<\/tr>\n<tr>\n<td><span style=\"font-family: 'trebuchet ms', geneva, sans-serif; font-size: 10pt;\">Modell:<\/span><\/td>\n<td><span style=\"font-family: 'trebuchet ms', geneva, sans-serif; font-size: 10pt;\">PHA 2G2R<\/span><\/td>\n<\/tr>\n<tr>\n<td><span style=\"font-family: 'trebuchet ms', geneva, sans-serif; font-size: 10pt;\">Serien-Nr.:<\/span><\/td>\n<td><span style=\"font-family: 'trebuchet ms', geneva, sans-serif;\"><span style=\"font-size: 13.3333px;\">W08409<\/span><\/span><\/td>\n<\/tr>\n<tr>\n<td><span style=\"font-family: 'trebuchet ms', geneva, sans-serif; font-size: 10pt;\">Baujahr:<\/span><\/td>\n<td><span style=\"font-family: 'trebuchet ms', geneva, sans-serif; font-size: 10pt;\">03\/2013<\/span><\/td>\n<\/tr>\n<tr>\n<td><span style=\"font-family: 'trebuchet ms', geneva, sans-serif; font-size: 10pt;\">Funktionalit\u00e4t:<\/span><\/td>\n<td><span style=\"font-family: 'trebuchet ms', geneva, sans-serif; font-size: 10pt;\">ja<\/span><\/td>\n<\/tr>\n<tr>\n<td><span style=\"font-family: 'trebuchet ms', geneva, sans-serif; font-size: 10pt;\">Preis:<\/span><\/td>\n<td><span style=\"font-family: 'trebuchet ms', geneva, sans-serif; font-size: 10pt;\">Auf Anfrage\u00a0oder nennen Sie uns<a href=\"https:\/\/www.vowiconsulting.de\/index.php\/ihre-preisvorstellung-2\/\">\u00a0Ihre Preisvorstellung<\/a><\/span><\/td>\n<\/tr>\n<tr>\n<td><span style=\"font-family: 'trebuchet ms', geneva, sans-serif; font-size: 10pt;\">Gr\u00f6sse:<\/span><\/td>\n<td><span style=\"font-family: 'trebuchet ms', geneva, sans-serif;\"><span style=\"font-size: 13.3333px;\">Abmessungen (mm) L\u00e4nge, Breite, H\u00f6he : 2414 x 750 x 2280 mm<\/span><\/span><\/td>\n<\/tr>\n<tr>\n<td><span style=\"font-family: 'trebuchet ms', geneva, sans-serif; font-size: 10pt;\">Gewicht:<\/span><\/td>\n<td><span style=\"font-family: 'trebuchet ms', geneva, sans-serif; font-size: 10pt;\">350 kg<\/span><\/td>\n<\/tr>\n<tr>\n<td><span style=\"font-family: 'trebuchet ms', geneva, sans-serif; font-size: 10pt;\">Bemerkungen:<\/span><\/td>\n<td><span style=\"font-family: 'trebuchet ms', geneva, sans-serif; font-size: 10pt;\"><strong>Zum Verarbeiten von:<\/strong><br \/>\n\u2013 TPE\/TPN-Mischungen<br \/>\n\u2013 IV-L\u00f6sungen<br \/>\n\u2013 Augentropfen<br \/>\n\u2013 Stammzellen und Nabelschnurblut<br \/>\n\u2013 CIV AS<\/span><span style=\"font-family: 'trebuchet ms', geneva, sans-serif; font-size: 10pt;\"><strong>Merkmale:<\/strong><br \/>\n\u2013 Luftqualit\u00e4t Reinraumklasse A (unidirektionale Verdr\u00e4ngungsstr\u00f6mung LF)\u00a0nach EU-GMP-Guide im gesamten\u00a0Arbeitsbereich<br \/>\n\u2013 Ergonomisch konzipierter Arbeitsbereich<br \/>\n\u2013 Hohe Luftwechselrate im Nutzraum und Schleusen<br \/>\n\u2013 Schleusen sind mit Transfertabletts ausgestattet<br \/>\n\u2013 Schleusen haben eine gegenseitige, elektro-magnetische T\u00fcrverriegelung<br \/>\n\u2013 Steriles Handschuhwechselsystem<br \/>\n\u2013 Leichtes Reinigen der Innen- und Au\u00dfenfl\u00e4chen<br \/>\n\u2013 Leicht zu reinigende Steuerung Folientastatur<br \/>\n\u2013 Einfache \u00dcberwachung, Pr\u00fcfung und Wartung<br \/>\n\u2013 Automatischer Drucktest<\/span><span style=\"font-family: 'trebuchet ms', geneva, sans-serif; font-size: 10pt;\">Modell: PHA 2G2R, 2-Hand Modell<br \/>\n<\/span><span style=\"font-family: 'trebuchet ms', geneva, sans-serif; font-size: 10pt;\"><strong>Normen:\u00a0<\/strong>EN ISO 14644-7, EN ISO 14644-1 Klasse 5, EN 61010, VDI 2083-1, VDI 2083-3,\u00a0VDE 57789<br \/>\nFilter: HEPA H14<br \/>\nFilterklasse: DIN EN 1822<br \/>\nAbscheidegrad: 99,995 %<br \/>\nUmluftvolumen: 0.1 m\/s = 360m\u00b3\/h<br \/>\nLuftwechselrate pro Stunde, Schleuse: 3400<br \/>\nLuftwechselrate pro Stunde, Nutzraum:\u00a01800<br \/>\nUmluft:\u00a01570<br \/>\nNutzraum Edelstahl: 1.4404<br \/>\nAu\u00dfengeh\u00e4use: Epoxy Pulverbeschichtet<br \/>\nFarbe: wei\u00df<br \/>\nEdelstahl: Rautiefe &lt; 0,5\u03bcm<br \/>\nGer\u00e4uschpegel: &lt;60 dB(A)<br \/>\nTemperaturerh\u00f6hung Nutzraum: 4 \u2013 6 \u00b0C<\/span><\/td>\n<\/tr>\n<tr>\n<td><span style=\"font-family: 'trebuchet ms', geneva, sans-serif; font-size: 10pt;\">Standort:<\/span><\/td>\n<td><span style=\"font-family: 'trebuchet ms', geneva, sans-serif; font-size: 10pt;\">Deutschland, Nordrhein-Westfalen<\/span><\/td>\n<\/tr>\n<tr>\n<td><span style=\"font-family: 'trebuchet ms', geneva, sans-serif; font-size: 10pt;\">Kontakt:<\/span><\/td>\n<td><span style=\"font-family: 'trebuchet ms', geneva, sans-serif; font-size: 10pt;\"><a href=\"mailto:gf@vowiconsulting.de\" target=\"_blank\" rel=\"noopener\">gf@vowiconsulting.de<\/a>, Tel. 0049 (0) 176\u00a06580 4599<\/span><\/td>\n<\/tr>\n<\/tbody>\n<\/table>\n<p style=\"text-align: right;\"><span style=\"font-family: 'trebuchet ms', geneva, sans-serif; font-size: 10pt;\"><em>(Angaben lt. Auftraggeber)<\/em><\/span><\/p>\n","category_list":"","author_info":{"name":"vowiangebote","url":"https:\/\/www.vowiconsulting.de\/index.php\/author\/vowiangebote\/"},"comments_num":"0 comments","featured_image_urls_v2":{"full":["https:\/\/www.vowiconsulting.de\/wp-content\/uploads\/2020\/02\/TPETPN-\u00dcberdruck-Isolator-01_IMG_0261.jpg",750,1000,false],"thumbnail":["https:\/\/www.vowiconsulting.de\/wp-content\/uploads\/2020\/02\/TPETPN-\u00dcberdruck-Isolator-01_IMG_0261-150x150.jpg",150,150,true],"medium":["https:\/\/www.vowiconsulting.de\/wp-content\/uploads\/2020\/02\/TPETPN-\u00dcberdruck-Isolator-01_IMG_0261-225x300.jpg",225,300,true],"medium_large":["https:\/\/www.vowiconsulting.de\/wp-content\/uploads\/2020\/02\/TPETPN-\u00dcberdruck-Isolator-01_IMG_0261.jpg",750,1000,false],"large":["https:\/\/www.vowiconsulting.de\/wp-content\/uploads\/2020\/02\/TPETPN-\u00dcberdruck-Isolator-01_IMG_0261.jpg",750,1000,false],"1536x1536":["https:\/\/www.vowiconsulting.de\/wp-content\/uploads\/2020\/02\/TPETPN-\u00dcberdruck-Isolator-01_IMG_0261.jpg",750,1000,false],"2048x2048":["https:\/\/www.vowiconsulting.de\/wp-content\/uploads\/2020\/02\/TPETPN-\u00dcberdruck-Isolator-01_IMG_0261.jpg",750,1000,false],"post-thumbnail":["https:\/\/www.vowiconsulting.de\/wp-content\/uploads\/2020\/02\/TPETPN-\u00dcberdruck-Isolator-01_IMG_0261.jpg",225,300,false],"bravada-featured":["https:\/\/www.vowiconsulting.de\/wp-content\/uploads\/2020\/02\/TPETPN-\u00dcberdruck-Isolator-01_IMG_0261.jpg",225,300,false],"bravada-featured-lp":["https:\/\/www.vowiconsulting.de\/wp-content\/uploads\/2020\/02\/TPETPN-\u00dcberdruck-Isolator-01_IMG_0261.jpg",225,300,false],"bravada-featured-half":["https:\/\/www.vowiconsulting.de\/wp-content\/uploads\/2020\/02\/TPETPN-\u00dcberdruck-Isolator-01_IMG_0261.jpg",225,300,false],"bravada-featured-third":["https:\/\/www.vowiconsulting.de\/wp-content\/uploads\/2020\/02\/TPETPN-\u00dcberdruck-Isolator-01_IMG_0261.jpg",225,300,false],"bravada-lpbox-1":["https:\/\/www.vowiconsulting.de\/wp-content\/uploads\/2020\/02\/TPETPN-\u00dcberdruck-Isolator-01_IMG_0261.jpg",188,250,false],"bravada-lpbox-2":["https:\/\/www.vowiconsulting.de\/wp-content\/uploads\/2020\/02\/TPETPN-\u00dcberdruck-Isolator-01_IMG_0261.jpg",225,300,false],"woocommerce_thumbnail":["https:\/\/www.vowiconsulting.de\/wp-content\/uploads\/2020\/02\/TPETPN-\u00dcberdruck-Isolator-01_IMG_0261-400x300.jpg",400,300,true],"woocommerce_single":["https:\/\/www.vowiconsulting.de\/wp-content\/uploads\/2020\/02\/TPETPN-\u00dcberdruck-Isolator-01_IMG_0261-450x600.jpg",450,600,true],"woocommerce_gallery_thumbnail":["https:\/\/www.vowiconsulting.de\/wp-content\/uploads\/2020\/02\/TPETPN-\u00dcberdruck-Isolator-01_IMG_0261-100x100.jpg",100,100,true]},"post_excerpt_stackable_v2":"<table>\n<tbody>\n<tr>\n<td><span style=\"font-family: 'trebuchet ms', geneva, sans-serif; font-size: 10pt;\">Angebots-Nr.:<\/span><\/td>\n<td><span style=\"font-family: 'trebuchet ms', geneva, sans-serif; font-size: 10pt;\">405<\/span><\/td>\n<\/tr>\n<tr>\n<td><span style=\"font-family: 'trebuchet ms', geneva, sans-serif; font-size: 10pt;\">Bezeichnung:<\/span><\/td>\n<td><span style=\"font-family: 'trebuchet ms', geneva, sans-serif; font-size: 10pt;\">TPE\/TPN \u00dcberdruck Isolator 1.2m<\/span><\/td>\n<\/tr>\n<tr>\n<td><span style=\"font-family: 'trebuchet ms', geneva, sans-serif; font-size: 10pt;\">Hersteller:<\/span><\/td>\n<td><span style=\"font-family: 'trebuchet ms', geneva, sans-serif; font-size: 10pt;\">Envair Deutschland GmbH<\/span><\/td>\n<\/tr>\n<tr>\n<td><span style=\"font-family: 'trebuchet ms', geneva, sans-serif; font-size: 10pt;\">Modell:<\/span><\/td>\n<td><span style=\"font-family: 'trebuchet ms', geneva, sans-serif; font-size: 10pt;\">PHA 2G2R<\/span><\/td>\n<\/tr>\n<tr>\n<td><span style=\"font-family: 'trebuchet ms', geneva, sans-serif; font-size: 10pt;\">Serien-Nr.:<\/span><\/td>\n<td><span style=\"font-family: 'trebuchet ms', geneva, sans-serif;\"><span style=\"font-size: 13.3333px;\">W08409<\/span><\/span><\/td>\n<\/tr>\n<tr>\n<td><span style=\"font-family: 'trebuchet ms', geneva, sans-serif; font-size: 10pt;\">Baujahr:<\/span><\/td>\n<td><span style=\"font-family: 'trebuchet ms', geneva, sans-serif; font-size: 10pt;\">03\/2013<\/span><\/td>\n<\/tr>\n<tr>\n<td><span style=\"font-family: 'trebuchet ms', geneva, sans-serif; font-size: 10pt;\">Funktionalit\u00e4t:<\/span><\/td>\n<td><span style=\"font-family: 'trebuchet ms', geneva, sans-serif; font-size: 10pt;\">ja<\/span><\/td>\n<\/tr>\n<tr>\n<td><span style=\"font-family: 'trebuchet ms', geneva, sans-serif; font-size: 10pt;\">Preis:<\/span><\/td>\n<td><span style=\"font-family: 'trebuchet ms', geneva, sans-serif; font-size: 10pt;\">Auf Anfrage\u00a0oder nennen Sie uns<a href=\"https:\/\/www.vowiconsulting.de\/index.php\/ihre-preisvorstellung-2\/\">\u00a0Ihre Preisvorstellung<\/a><\/span><\/td>\n<\/tr>\n<tr>\n<td><span style=\"font-family: 'trebuchet ms', geneva, sans-serif; font-size: 10pt;\">Gr\u00f6sse:<\/span><\/td>\n<td><span style=\"font-family: 'trebuchet ms', geneva, sans-serif;\"><span style=\"font-size: 13.3333px;\">Abmessungen (mm) L\u00e4nge, Breite, H\u00f6he : 2414 x 750 x 2280 mm<\/span><\/span><\/td>\n<\/tr>\n<tr>\n<td><span style=\"font-family: 'trebuchet ms', geneva, sans-serif; font-size: 10pt;\">Gewicht:<\/span><\/td>\n<td><span style=\"font-family: 'trebuchet ms', geneva, sans-serif; font-size: 10pt;\">350 kg<\/span><\/td>\n<\/tr>\n<tr>\n<td><span style=\"font-family: 'trebuchet ms', geneva, sans-serif; font-size: 10pt;\">Bemerkungen:<\/span><\/td>\n<td><span style=\"font-family: 'trebuchet ms', geneva, sans-serif; font-size: 10pt;\"><strong>Zum Verarbeiten von:<\/strong><br \/>\n\u2013 TPE\/TPN-Mischungen<br \/>\n\u2013 IV-L\u00f6sungen<br \/>\n\u2013 Augentropfen<br \/>\n\u2013 Stammzellen und Nabelschnurblut<br \/>\n\u2013 CIV AS<\/span><span style=\"font-family: 'trebuchet ms', geneva, sans-serif; font-size: 10pt;\"><strong>Merkmale:<\/strong><br \/>\n\u2013 Luftqualit\u00e4t Reinraumklasse A (unidirektionale Verdr\u00e4ngungsstr\u00f6mung LF)\u00a0nach EU-GMP-Guide im gesamten\u00a0Arbeitsbereich<br \/>\n\u2013 Ergonomisch konzipierter Arbeitsbereich<br \/>\n\u2013 Hohe Luftwechselrate im Nutzraum und Schleusen<br \/>\n\u2013 Schleusen sind mit Transfertabletts ausgestattet<br \/>\n\u2013 Schleusen haben eine gegenseitige, elektro-magnetische T\u00fcrverriegelung<br \/>\n\u2013 Steriles Handschuhwechselsystem<br \/>\n\u2013 Leichtes Reinigen der Innen- und Au\u00dfenfl\u00e4chen<br \/>\n\u2013 Leicht zu reinigende Steuerung Folientastatur<br \/>\n\u2013 Einfache \u00dcberwachung, Pr\u00fcfung und Wartung<br \/>\n\u2013 Automatischer Drucktest<\/span><span style=\"font-family: 'trebuchet ms', geneva, sans-serif; font-size: 10pt;\">Modell: PHA 2G2R, 2-Hand Modell<br \/>\n<\/span><span style=\"font-family: 'trebuchet ms', geneva, sans-serif; font-size: 10pt;\"><strong>Normen:\u00a0<\/strong>EN ISO 14644-7, EN ISO 14644-1 Klasse 5, EN 61010, VDI 2083-1, VDI 2083-3,\u00a0VDE 57789<br \/>\nFilter: HEPA H14<br \/>\nFilterklasse: DIN EN 1822<br \/>\nAbscheidegrad: 99,995 %<br \/>\nUmluftvolumen: 0.1 m\/s = 360m\u00b3\/h<br \/>\nLuftwechselrate pro Stunde, Schleuse: 3400<br \/>\nLuftwechselrate pro Stunde, Nutzraum:\u00a01800<br \/>\nUmluft:\u00a01570<br \/>\nNutzraum Edelstahl: 1.4404<br \/>\nAu\u00dfengeh\u00e4use: Epoxy Pulverbeschichtet<br \/>\nFarbe: wei\u00df<br \/>\nEdelstahl: Rautiefe &lt; 0,5\u03bcm<br \/>\nGer\u00e4uschpegel: &lt;60 dB(A)<br \/>\nTemperaturerh\u00f6hung Nutzraum: 4 \u2013 6 \u00b0C<\/span><\/td>\n<\/tr>\n<tr>\n<td><span style=\"font-family: 'trebuchet ms', geneva, sans-serif; font-size: 10pt;\">Standort:<\/span><\/td>\n<td><span style=\"font-family: 'trebuchet ms', geneva, sans-serif; font-size: 10pt;\">Deutschland, Nordrhein-Westfalen<\/span><\/td>\n<\/tr>\n<tr>\n<td><span style=\"font-family: 'trebuchet ms', geneva, sans-serif; font-size: 10pt;\">Kontakt:<\/span><\/td>\n<td><span style=\"font-family: 'trebuchet ms', geneva, sans-serif; font-size: 10pt;\"><a href=\"mailto:gf@vowiconsulting.de\" target=\"_blank\" rel=\"noopener\">gf@vowiconsulting.de<\/a>, Tel. 0049 (0) 176\u00a06580 4599<\/span><\/td>\n<\/tr>\n<\/tbody>\n<\/table>\n<p style=\"text-align: right;\"><span style=\"font-family: 'trebuchet ms', geneva, sans-serif; font-size: 10pt;\"><em>(Angaben lt. Auftraggeber)<\/em><\/span><\/p>\n","category_list_v2":"","author_info_v2":{"name":"vowiangebote","url":"https:\/\/www.vowiconsulting.de\/index.php\/author\/vowiangebote\/"},"comments_num_v2":"0 comments","featured_img":"https:\/\/www.vowiconsulting.de\/wp-content\/uploads\/2020\/02\/TPETPN-\u00dcberdruck-Isolator-01_IMG_0261.jpg","coauthors":[],"author_meta":{"author_link":"https:\/\/www.vowiconsulting.de\/index.php\/author\/vowiangebote\/","display_name":"vowiangebote"},"relative_dates":{"created":"Posted 6\u00a0Jahren ago","modified":"Updated 6\u00a0Jahren ago"},"absolute_dates":{"created":"Posted on 11\/02\/2020","modified":"Updated on 12\/02\/2020"},"absolute_dates_time":{"created":"Posted on 11\/02\/2020 10:54","modified":"Updated on 12\/02\/2020 12:22"},"featured_img_caption":"","tax_additional":{"language":{"linked":["<a href=\"https:\/\/www.vowiconsulting.de\/\" class=\"advgb-post-tax-term\">Deutsch<\/a>"],"unlinked":["<span class=\"advgb-post-tax-term\">Deutsch<\/span>"],"slug":"language","name":"Languages"},"post_translations":{"linked":["<a href=\"https:\/\/www.vowiconsulting.de\/?taxonomy=post_translations&#038;term=pll_5e429d635e226\" class=\"advgb-post-tax-term\">pll_5e429d635e226<\/a>"],"unlinked":["<span class=\"advgb-post-tax-term\">pll_5e429d635e226<\/span>"],"slug":"post_translations","name":""},"product_type":{"linked":["<a href=\"https:\/\/www.vowiconsulting.de\/?taxonomy=product_type&#038;term=simple\" class=\"advgb-post-tax-term\">simple<\/a>"],"unlinked":["<span class=\"advgb-post-tax-term\">simple<\/span>"],"slug":"product_type","name":"Product type"},"product_visibility":{"linked":[],"unlinked":[],"slug":"product_visibility","name":"Product visibility"},"product_cat":{"linked":["<a href=\"https:\/\/www.vowiconsulting.de\/index.php\/product-category\/laborgeraete\/\" class=\"advgb-post-tax-term\">Laborger\u00e4te<\/a>"],"unlinked":["<span class=\"advgb-post-tax-term\">Laborger\u00e4te<\/span>"],"slug":"product_cat","name":"Product categories"},"product_tag":{"linked":[],"unlinked":[],"slug":"product_tag","name":"Product tags"},"product_shipping_class":{"linked":[],"unlinked":[],"slug":"product_shipping_class","name":"Product shipping classes"},"pa_alle-angaben":{"linked":[],"unlinked":[],"slug":"pa_alle-angaben","name":"Product Alle Angaben"},"pa_angebots-nr":{"linked":[],"unlinked":[],"slug":"pa_angebots-nr","name":"Product Angebots-Nr.:"},"pa_baden-wuerttemberg":{"linked":[],"unlinked":[],"slug":"pa_baden-wuerttemberg","name":"Product Baden-Wuerttemberg"},"pa_baujahr":{"linked":[],"unlinked":[],"slug":"pa_baujahr","name":"Product Baujahr:"},"pa_bemerkungen":{"linked":[],"unlinked":[],"slug":"pa_bemerkungen","name":"Product Bemerkungen:"},"pa_bezeichnung":{"linked":[],"unlinked":[],"slug":"pa_bezeichnung","name":"Product Bezeichnung:"},"pa_funktionalitaet":{"linked":[],"unlinked":[],"slug":"pa_funktionalitaet","name":"Product Funktionalit\u00e4t:"},"pa_gewicht":{"linked":[],"unlinked":[],"slug":"pa_gewicht","name":"Product Gewicht:"},"pa_groesse":{"linked":[],"unlinked":[],"slug":"pa_groesse","name":"Product Gr\u00f6\u00dfe:"},"pa_hersteller":{"linked":[],"unlinked":[],"slug":"pa_hersteller","name":"Product Hersteller:"},"pa_kontakt":{"linked":[],"unlinked":[],"slug":"pa_kontakt","name":"Product Kontakt:"},"pa_modell":{"linked":[],"unlinked":[],"slug":"pa_modell","name":"Product Modell:"},"pa_preis":{"linked":[],"unlinked":[],"slug":"pa_preis","name":"Product Preis:"},"pa_serien-nr":{"linked":[],"unlinked":[],"slug":"pa_serien-nr","name":"Product Serien-Nr.:"},"pa_standort":{"linked":[],"unlinked":[],"slug":"pa_standort","name":"Product Standort:"}},"series_order":"","_links":{"self":[{"href":"https:\/\/www.vowiconsulting.de\/index.php\/wp-json\/wp\/v3\/product\/1966"}],"collection":[{"href":"https:\/\/www.vowiconsulting.de\/index.php\/wp-json\/wp\/v3\/product"}],"about":[{"href":"https:\/\/www.vowiconsulting.de\/index.php\/wp-json\/wp\/v2\/types\/product"}],"wp:featuredmedia":[{"embeddable":true,"href":"https:\/\/www.vowiconsulting.de\/index.php\/wp-json\/wp\/v2\/media\/1968"}],"wp:attachment":[{"href":"https:\/\/www.vowiconsulting.de\/index.php\/wp-json\/wp\/v2\/media?parent=1966"}],"wp:term":[{"taxonomy":"product_cat","embeddable":true,"href":"https:\/\/www.vowiconsulting.de\/index.php\/wp-json\/wp\/v2\/product_cat?post=1966"},{"taxonomy":"product_tag","embeddable":true,"href":"https:\/\/www.vowiconsulting.de\/index.php\/wp-json\/wp\/v2\/product_tag?post=1966"}],"curies":[{"name":"wp","href":"https:\/\/api.w.org\/{rel}","templated":true}]}}