{"id":1158,"date":"2019-05-27T11:53:23","date_gmt":"2019-05-27T11:53:23","guid":{"rendered":"https:\/\/www.vowiconsulting.de\/?post_type=product&#038;p=1158"},"modified":"2019-08-21T11:15:23","modified_gmt":"2019-08-21T11:15:23","slug":"c-bogen-philips-bv-pulsera","status":"publish","type":"product","link":"https:\/\/www.vowiconsulting.de\/index.php\/produkt\/c-bogen-philips-bv-pulsera\/","title":{"rendered":"C-Bogen Philips BV Pulsera"},"content":{"rendered":"","protected":false},"excerpt":{"rendered":"<table>\n<tbody>\n<tr>\n<td><span style=\"font-family: 'trebuchet ms', geneva, sans-serif; font-size: 10pt;\">Angebots-Nr.:<\/span><\/td>\n<td><span style=\"font-family: 'trebuchet ms', geneva, sans-serif; font-size: 10pt;\">288<\/span><\/td>\n<\/tr>\n<tr>\n<td><span style=\"font-family: 'trebuchet ms', geneva, sans-serif; font-size: 10pt;\">Bezeichnung:<\/span><\/td>\n<td><span style=\"font-family: 'trebuchet ms', geneva, sans-serif; font-size: 10pt;\">C-Bogen<\/span><\/td>\n<\/tr>\n<tr>\n<td><span style=\"font-family: 'trebuchet ms', geneva, sans-serif; font-size: 10pt;\">Hersteller:<\/span><\/td>\n<td><span style=\"font-family: 'trebuchet ms', geneva, sans-serif; font-size: 10pt;\">Philips<\/span><\/td>\n<\/tr>\n<tr>\n<td><span style=\"font-family: 'trebuchet ms', geneva, sans-serif; font-size: 10pt;\">Modell:<\/span><\/td>\n<td><span style=\"font-family: 'trebuchet ms', geneva, sans-serif; font-size: 10pt;\">BV Pulsera<\/span><\/td>\n<\/tr>\n<tr>\n<td><span style=\"font-family: 'trebuchet ms', geneva, sans-serif; font-size: 10pt;\">Serien-Nr.:<\/span><\/td>\n<td><span style=\"font-family: 'trebuchet ms', geneva, sans-serif; font-size: 10pt;\">314<\/span><\/td>\n<\/tr>\n<tr>\n<td><span style=\"font-family: 'trebuchet ms', geneva, sans-serif; font-size: 10pt;\">Baujahr:<\/span><\/td>\n<td><span style=\"font-family: 'trebuchet ms', geneva, sans-serif; font-size: 10pt;\">2004<\/span><\/td>\n<\/tr>\n<tr>\n<td><span style=\"font-family: 'trebuchet ms', geneva, sans-serif; font-size: 10pt;\">Funktionalit\u00e4t:<\/span><\/td>\n<td><span style=\"font-family: 'trebuchet ms', geneva, sans-serif; font-size: 10pt;\">beschr\u00e4nkt einsatzf\u00e4hig,\u00a0siehe Bemerkungen.<\/span><\/td>\n<\/tr>\n<tr>\n<td><span style=\"font-family: 'trebuchet ms', geneva, sans-serif; font-size: 10pt;\">Preis:<\/span><\/td>\n<td><span style=\"font-family: 'trebuchet ms', geneva, sans-serif; font-size: 10pt;\">Auf Anfrage\u00a0oder nennen Sie uns<a href=\"https:\/\/www.vowiconsulting.de\/index.php\/ihre-preisvorstellung-2\/\">\u00a0Ihre Preisvorstellung<\/a><\/span><\/td>\n<\/tr>\n<tr>\n<td><span style=\"font-family: 'trebuchet ms', geneva, sans-serif; font-size: 10pt;\">Gr\u00f6sse:<\/span><\/td>\n<td><span style=\"font-family: 'trebuchet ms', geneva, sans-serif;\"><span style=\"font-size: 13.3333px;\">k.A.<\/span><\/span><\/td>\n<\/tr>\n<tr>\n<td><span style=\"font-family: 'trebuchet ms', geneva, sans-serif; font-size: 10pt;\">Gewicht:<\/span><\/td>\n<td><span style=\"font-family: 'trebuchet ms', geneva, sans-serif; font-size: 10pt;\">k.A.<\/span><\/td>\n<\/tr>\n<tr>\n<td><span style=\"font-family: 'trebuchet ms', geneva, sans-serif; font-size: 10pt;\">Bemerkungen:<\/span><\/td>\n<td><span style=\"font-family: 'trebuchet ms', geneva, sans-serif; font-size: 10pt;\">Der C-Bogen hat einen Festplattendefekt und startet nur im abgesicherten Modus. Bildaufnahmen sind m\u00f6glich, k\u00f6nnen aber nicht gespeichert werden. Austausch der R\u00f6ntgenr\u00f6hre erfolgte am 21.12.2015. N\u00e4chste Sachverst\u00e4ndigenpr\u00fcfung nach \u00a7 18 R\u00f6V 08.2023<\/span><\/td>\n<\/tr>\n<tr>\n<td><span style=\"font-family: 'trebuchet ms', geneva, sans-serif; font-size: 10pt;\">Standort:<\/span><\/td>\n<td><span style=\"font-family: 'trebuchet ms', geneva, sans-serif; font-size: 10pt;\">Deutschland, Hamburg<\/span><\/td>\n<\/tr>\n<tr>\n<td><span style=\"font-family: 'trebuchet ms', geneva, sans-serif; font-size: 10pt;\">Kontakt:<\/span><\/td>\n<td><span style=\"font-family: 'trebuchet ms', geneva, sans-serif; font-size: 10pt;\"><a href=\"mailto:gf@vowiconsulting.de\" target=\"_blank\" rel=\"noopener\">gf@vowiconsulting.de<\/a>, Tel. 0049 (0) 176\u00a06580 4599<\/span><\/td>\n<\/tr>\n<\/tbody>\n<\/table>\n<p style=\"text-align: right;\"><span style=\"font-family: 'trebuchet ms', geneva, sans-serif; font-size: 10pt;\"><em>(Angaben lt. Auftraggeber)<\/em><\/span><\/p>\n","protected":false},"author":1,"featured_media":1206,"template":"","meta":{"advgb_blocks_editor_width":"","advgb_blocks_columns_visual_guide":""},"product_cat":[26],"product_tag":[],"featured_image_urls":{"full":["https:\/\/www.vowiconsulting.de\/wp-content\/uploads\/2019\/07\/C-Bogen-Philips_1-verkauft.jpg",1600,1200,false],"thumbnail":["https:\/\/www.vowiconsulting.de\/wp-content\/uploads\/2019\/07\/C-Bogen-Philips_1-verkauft-150x150.jpg",150,150,true],"medium":["https:\/\/www.vowiconsulting.de\/wp-content\/uploads\/2019\/07\/C-Bogen-Philips_1-verkauft-300x225.jpg",300,225,true],"medium_large":["https:\/\/www.vowiconsulting.de\/wp-content\/uploads\/2019\/07\/C-Bogen-Philips_1-verkauft-768x576.jpg",768,576,true],"large":["https:\/\/www.vowiconsulting.de\/wp-content\/uploads\/2019\/07\/C-Bogen-Philips_1-verkauft-1024x768.jpg",1024,768,true],"1536x1536":["https:\/\/www.vowiconsulting.de\/wp-content\/uploads\/2019\/07\/C-Bogen-Philips_1-verkauft.jpg",1536,1152,false],"2048x2048":["https:\/\/www.vowiconsulting.de\/wp-content\/uploads\/2019\/07\/C-Bogen-Philips_1-verkauft.jpg",1600,1200,false],"post-thumbnail":["https:\/\/www.vowiconsulting.de\/wp-content\/uploads\/2019\/07\/C-Bogen-Philips_1-verkauft.jpg",400,300,false],"bravada-featured":["https:\/\/www.vowiconsulting.de\/wp-content\/uploads\/2019\/07\/C-Bogen-Philips_1-verkauft.jpg",400,300,false],"bravada-featured-lp":["https:\/\/www.vowiconsulting.de\/wp-content\/uploads\/2019\/07\/C-Bogen-Philips_1-verkauft.jpg",400,300,false],"bravada-featured-half":["https:\/\/www.vowiconsulting.de\/wp-content\/uploads\/2019\/07\/C-Bogen-Philips_1-verkauft.jpg",400,300,false],"bravada-featured-third":["https:\/\/www.vowiconsulting.de\/wp-content\/uploads\/2019\/07\/C-Bogen-Philips_1-verkauft.jpg",400,300,false],"bravada-lpbox-1":["https:\/\/www.vowiconsulting.de\/wp-content\/uploads\/2019\/07\/C-Bogen-Philips_1-verkauft.jpg",333,250,false],"bravada-lpbox-2":["https:\/\/www.vowiconsulting.de\/wp-content\/uploads\/2019\/07\/C-Bogen-Philips_1-verkauft.jpg",400,300,false],"woocommerce_thumbnail":["https:\/\/www.vowiconsulting.de\/wp-content\/uploads\/2019\/07\/C-Bogen-Philips_1-verkauft-400x300.jpg",400,300,true],"woocommerce_single":["https:\/\/www.vowiconsulting.de\/wp-content\/uploads\/2019\/07\/C-Bogen-Philips_1-verkauft-450x338.jpg",450,338,true],"woocommerce_gallery_thumbnail":["https:\/\/www.vowiconsulting.de\/wp-content\/uploads\/2019\/07\/C-Bogen-Philips_1-verkauft-100x100.jpg",100,100,true]},"post_excerpt_stackable":"<table>\n<tbody>\n<tr>\n<td><span style=\"font-family: 'trebuchet ms', geneva, sans-serif; font-size: 10pt;\">Angebots-Nr.:<\/span><\/td>\n<td><span style=\"font-family: 'trebuchet ms', geneva, sans-serif; font-size: 10pt;\">288<\/span><\/td>\n<\/tr>\n<tr>\n<td><span style=\"font-family: 'trebuchet ms', geneva, sans-serif; font-size: 10pt;\">Bezeichnung:<\/span><\/td>\n<td><span style=\"font-family: 'trebuchet ms', geneva, sans-serif; font-size: 10pt;\">C-Bogen<\/span><\/td>\n<\/tr>\n<tr>\n<td><span style=\"font-family: 'trebuchet ms', geneva, sans-serif; font-size: 10pt;\">Hersteller:<\/span><\/td>\n<td><span style=\"font-family: 'trebuchet ms', geneva, sans-serif; font-size: 10pt;\">Philips<\/span><\/td>\n<\/tr>\n<tr>\n<td><span style=\"font-family: 'trebuchet ms', geneva, sans-serif; font-size: 10pt;\">Modell:<\/span><\/td>\n<td><span style=\"font-family: 'trebuchet ms', geneva, sans-serif; font-size: 10pt;\">BV Pulsera<\/span><\/td>\n<\/tr>\n<tr>\n<td><span style=\"font-family: 'trebuchet ms', geneva, sans-serif; font-size: 10pt;\">Serien-Nr.:<\/span><\/td>\n<td><span style=\"font-family: 'trebuchet ms', geneva, sans-serif; font-size: 10pt;\">314<\/span><\/td>\n<\/tr>\n<tr>\n<td><span style=\"font-family: 'trebuchet ms', geneva, sans-serif; font-size: 10pt;\">Baujahr:<\/span><\/td>\n<td><span style=\"font-family: 'trebuchet ms', geneva, sans-serif; font-size: 10pt;\">2004<\/span><\/td>\n<\/tr>\n<tr>\n<td><span style=\"font-family: 'trebuchet ms', geneva, sans-serif; font-size: 10pt;\">Funktionalit\u00e4t:<\/span><\/td>\n<td><span style=\"font-family: 'trebuchet ms', geneva, sans-serif; font-size: 10pt;\">beschr\u00e4nkt einsatzf\u00e4hig,\u00a0siehe Bemerkungen.<\/span><\/td>\n<\/tr>\n<tr>\n<td><span style=\"font-family: 'trebuchet ms', geneva, sans-serif; font-size: 10pt;\">Preis:<\/span><\/td>\n<td><span style=\"font-family: 'trebuchet ms', geneva, sans-serif; font-size: 10pt;\">Auf Anfrage\u00a0oder nennen Sie uns<a href=\"https:\/\/www.vowiconsulting.de\/index.php\/ihre-preisvorstellung-2\/\">\u00a0Ihre Preisvorstellung<\/a><\/span><\/td>\n<\/tr>\n<tr>\n<td><span style=\"font-family: 'trebuchet ms', geneva, sans-serif; font-size: 10pt;\">Gr\u00f6sse:<\/span><\/td>\n<td><span style=\"font-family: 'trebuchet ms', geneva, sans-serif;\"><span style=\"font-size: 13.3333px;\">k.A.<\/span><\/span><\/td>\n<\/tr>\n<tr>\n<td><span style=\"font-family: 'trebuchet ms', geneva, sans-serif; font-size: 10pt;\">Gewicht:<\/span><\/td>\n<td><span style=\"font-family: 'trebuchet ms', geneva, sans-serif; font-size: 10pt;\">k.A.<\/span><\/td>\n<\/tr>\n<tr>\n<td><span style=\"font-family: 'trebuchet ms', geneva, sans-serif; font-size: 10pt;\">Bemerkungen:<\/span><\/td>\n<td><span style=\"font-family: 'trebuchet ms', geneva, sans-serif; font-size: 10pt;\">Der C-Bogen hat einen Festplattendefekt und startet nur im abgesicherten Modus. Bildaufnahmen sind m\u00f6glich, k\u00f6nnen aber nicht gespeichert werden. Austausch der R\u00f6ntgenr\u00f6hre erfolgte am 21.12.2015. N\u00e4chste Sachverst\u00e4ndigenpr\u00fcfung nach \u00a7 18 R\u00f6V 08.2023<\/span><\/td>\n<\/tr>\n<tr>\n<td><span style=\"font-family: 'trebuchet ms', geneva, sans-serif; font-size: 10pt;\">Standort:<\/span><\/td>\n<td><span style=\"font-family: 'trebuchet ms', geneva, sans-serif; font-size: 10pt;\">Deutschland, Hamburg<\/span><\/td>\n<\/tr>\n<tr>\n<td><span style=\"font-family: 'trebuchet ms', geneva, sans-serif; font-size: 10pt;\">Kontakt:<\/span><\/td>\n<td><span style=\"font-family: 'trebuchet ms', geneva, sans-serif; font-size: 10pt;\"><a href=\"mailto:gf@vowiconsulting.de\" target=\"_blank\" rel=\"noopener\">gf@vowiconsulting.de<\/a>, Tel. 0049 (0) 176\u00a06580 4599<\/span><\/td>\n<\/tr>\n<\/tbody>\n<\/table>\n<p style=\"text-align: right;\"><span style=\"font-family: 'trebuchet ms', geneva, sans-serif; font-size: 10pt;\"><em>(Angaben lt. Auftraggeber)<\/em><\/span><\/p>\n","category_list":"","author_info":{"name":"vowiangebote","url":"https:\/\/www.vowiconsulting.de\/index.php\/author\/vowiangebote\/"},"comments_num":"0 comments","featured_image_urls_v2":{"full":["https:\/\/www.vowiconsulting.de\/wp-content\/uploads\/2019\/07\/C-Bogen-Philips_1-verkauft.jpg",1600,1200,false],"thumbnail":["https:\/\/www.vowiconsulting.de\/wp-content\/uploads\/2019\/07\/C-Bogen-Philips_1-verkauft-150x150.jpg",150,150,true],"medium":["https:\/\/www.vowiconsulting.de\/wp-content\/uploads\/2019\/07\/C-Bogen-Philips_1-verkauft-300x225.jpg",300,225,true],"medium_large":["https:\/\/www.vowiconsulting.de\/wp-content\/uploads\/2019\/07\/C-Bogen-Philips_1-verkauft-768x576.jpg",768,576,true],"large":["https:\/\/www.vowiconsulting.de\/wp-content\/uploads\/2019\/07\/C-Bogen-Philips_1-verkauft-1024x768.jpg",1024,768,true],"1536x1536":["https:\/\/www.vowiconsulting.de\/wp-content\/uploads\/2019\/07\/C-Bogen-Philips_1-verkauft.jpg",1536,1152,false],"2048x2048":["https:\/\/www.vowiconsulting.de\/wp-content\/uploads\/2019\/07\/C-Bogen-Philips_1-verkauft.jpg",1600,1200,false],"post-thumbnail":["https:\/\/www.vowiconsulting.de\/wp-content\/uploads\/2019\/07\/C-Bogen-Philips_1-verkauft.jpg",400,300,false],"bravada-featured":["https:\/\/www.vowiconsulting.de\/wp-content\/uploads\/2019\/07\/C-Bogen-Philips_1-verkauft.jpg",400,300,false],"bravada-featured-lp":["https:\/\/www.vowiconsulting.de\/wp-content\/uploads\/2019\/07\/C-Bogen-Philips_1-verkauft.jpg",400,300,false],"bravada-featured-half":["https:\/\/www.vowiconsulting.de\/wp-content\/uploads\/2019\/07\/C-Bogen-Philips_1-verkauft.jpg",400,300,false],"bravada-featured-third":["https:\/\/www.vowiconsulting.de\/wp-content\/uploads\/2019\/07\/C-Bogen-Philips_1-verkauft.jpg",400,300,false],"bravada-lpbox-1":["https:\/\/www.vowiconsulting.de\/wp-content\/uploads\/2019\/07\/C-Bogen-Philips_1-verkauft.jpg",333,250,false],"bravada-lpbox-2":["https:\/\/www.vowiconsulting.de\/wp-content\/uploads\/2019\/07\/C-Bogen-Philips_1-verkauft.jpg",400,300,false],"woocommerce_thumbnail":["https:\/\/www.vowiconsulting.de\/wp-content\/uploads\/2019\/07\/C-Bogen-Philips_1-verkauft-400x300.jpg",400,300,true],"woocommerce_single":["https:\/\/www.vowiconsulting.de\/wp-content\/uploads\/2019\/07\/C-Bogen-Philips_1-verkauft-450x338.jpg",450,338,true],"woocommerce_gallery_thumbnail":["https:\/\/www.vowiconsulting.de\/wp-content\/uploads\/2019\/07\/C-Bogen-Philips_1-verkauft-100x100.jpg",100,100,true]},"post_excerpt_stackable_v2":"<table>\n<tbody>\n<tr>\n<td><span style=\"font-family: 'trebuchet ms', geneva, sans-serif; font-size: 10pt;\">Angebots-Nr.:<\/span><\/td>\n<td><span style=\"font-family: 'trebuchet ms', geneva, sans-serif; font-size: 10pt;\">288<\/span><\/td>\n<\/tr>\n<tr>\n<td><span style=\"font-family: 'trebuchet ms', geneva, sans-serif; font-size: 10pt;\">Bezeichnung:<\/span><\/td>\n<td><span style=\"font-family: 'trebuchet ms', geneva, sans-serif; font-size: 10pt;\">C-Bogen<\/span><\/td>\n<\/tr>\n<tr>\n<td><span style=\"font-family: 'trebuchet ms', geneva, sans-serif; font-size: 10pt;\">Hersteller:<\/span><\/td>\n<td><span style=\"font-family: 'trebuchet ms', geneva, sans-serif; font-size: 10pt;\">Philips<\/span><\/td>\n<\/tr>\n<tr>\n<td><span style=\"font-family: 'trebuchet ms', geneva, sans-serif; font-size: 10pt;\">Modell:<\/span><\/td>\n<td><span style=\"font-family: 'trebuchet ms', geneva, sans-serif; font-size: 10pt;\">BV Pulsera<\/span><\/td>\n<\/tr>\n<tr>\n<td><span style=\"font-family: 'trebuchet ms', geneva, sans-serif; font-size: 10pt;\">Serien-Nr.:<\/span><\/td>\n<td><span style=\"font-family: 'trebuchet ms', geneva, sans-serif; font-size: 10pt;\">314<\/span><\/td>\n<\/tr>\n<tr>\n<td><span style=\"font-family: 'trebuchet ms', geneva, sans-serif; font-size: 10pt;\">Baujahr:<\/span><\/td>\n<td><span style=\"font-family: 'trebuchet ms', geneva, sans-serif; font-size: 10pt;\">2004<\/span><\/td>\n<\/tr>\n<tr>\n<td><span style=\"font-family: 'trebuchet ms', geneva, sans-serif; font-size: 10pt;\">Funktionalit\u00e4t:<\/span><\/td>\n<td><span style=\"font-family: 'trebuchet ms', geneva, sans-serif; font-size: 10pt;\">beschr\u00e4nkt einsatzf\u00e4hig,\u00a0siehe Bemerkungen.<\/span><\/td>\n<\/tr>\n<tr>\n<td><span style=\"font-family: 'trebuchet ms', geneva, sans-serif; font-size: 10pt;\">Preis:<\/span><\/td>\n<td><span style=\"font-family: 'trebuchet ms', geneva, sans-serif; font-size: 10pt;\">Auf Anfrage\u00a0oder nennen Sie uns<a href=\"https:\/\/www.vowiconsulting.de\/index.php\/ihre-preisvorstellung-2\/\">\u00a0Ihre Preisvorstellung<\/a><\/span><\/td>\n<\/tr>\n<tr>\n<td><span style=\"font-family: 'trebuchet ms', geneva, sans-serif; font-size: 10pt;\">Gr\u00f6sse:<\/span><\/td>\n<td><span style=\"font-family: 'trebuchet ms', geneva, sans-serif;\"><span style=\"font-size: 13.3333px;\">k.A.<\/span><\/span><\/td>\n<\/tr>\n<tr>\n<td><span style=\"font-family: 'trebuchet ms', geneva, sans-serif; font-size: 10pt;\">Gewicht:<\/span><\/td>\n<td><span style=\"font-family: 'trebuchet ms', geneva, sans-serif; font-size: 10pt;\">k.A.<\/span><\/td>\n<\/tr>\n<tr>\n<td><span style=\"font-family: 'trebuchet ms', geneva, sans-serif; font-size: 10pt;\">Bemerkungen:<\/span><\/td>\n<td><span style=\"font-family: 'trebuchet ms', geneva, sans-serif; font-size: 10pt;\">Der C-Bogen hat einen Festplattendefekt und startet nur im abgesicherten Modus. Bildaufnahmen sind m\u00f6glich, k\u00f6nnen aber nicht gespeichert werden. Austausch der R\u00f6ntgenr\u00f6hre erfolgte am 21.12.2015. N\u00e4chste Sachverst\u00e4ndigenpr\u00fcfung nach \u00a7 18 R\u00f6V 08.2023<\/span><\/td>\n<\/tr>\n<tr>\n<td><span style=\"font-family: 'trebuchet ms', geneva, sans-serif; font-size: 10pt;\">Standort:<\/span><\/td>\n<td><span style=\"font-family: 'trebuchet ms', geneva, sans-serif; font-size: 10pt;\">Deutschland, Hamburg<\/span><\/td>\n<\/tr>\n<tr>\n<td><span style=\"font-family: 'trebuchet ms', geneva, sans-serif; font-size: 10pt;\">Kontakt:<\/span><\/td>\n<td><span style=\"font-family: 'trebuchet ms', geneva, sans-serif; font-size: 10pt;\"><a href=\"mailto:gf@vowiconsulting.de\" target=\"_blank\" rel=\"noopener\">gf@vowiconsulting.de<\/a>, Tel. 0049 (0) 176\u00a06580 4599<\/span><\/td>\n<\/tr>\n<\/tbody>\n<\/table>\n<p style=\"text-align: right;\"><span style=\"font-family: 'trebuchet ms', geneva, sans-serif; font-size: 10pt;\"><em>(Angaben lt. Auftraggeber)<\/em><\/span><\/p>\n","category_list_v2":"","author_info_v2":{"name":"vowiangebote","url":"https:\/\/www.vowiconsulting.de\/index.php\/author\/vowiangebote\/"},"comments_num_v2":"0 comments","featured_img":"https:\/\/www.vowiconsulting.de\/wp-content\/uploads\/2019\/07\/C-Bogen-Philips_1-verkauft.jpg","coauthors":[],"author_meta":{"author_link":"https:\/\/www.vowiconsulting.de\/index.php\/author\/vowiangebote\/","display_name":"vowiangebote"},"relative_dates":{"created":"Posted 7\u00a0Jahren ago","modified":"Updated 7\u00a0Jahren ago"},"absolute_dates":{"created":"Posted on 27\/05\/2019","modified":"Updated on 21\/08\/2019"},"absolute_dates_time":{"created":"Posted on 27\/05\/2019 11:53","modified":"Updated on 21\/08\/2019 11:15"},"featured_img_caption":"","tax_additional":{"language":{"linked":["<a href=\"https:\/\/www.vowiconsulting.de\/\" class=\"advgb-post-tax-term\">Deutsch<\/a>"],"unlinked":["<span class=\"advgb-post-tax-term\">Deutsch<\/span>"],"slug":"language","name":"Languages"},"post_translations":{"linked":["<a href=\"https:\/\/www.vowiconsulting.de\/?taxonomy=post_translations&#038;term=pll_5cec0b4b05626\" class=\"advgb-post-tax-term\">pll_5cec0b4b05626<\/a>"],"unlinked":["<span class=\"advgb-post-tax-term\">pll_5cec0b4b05626<\/span>"],"slug":"post_translations","name":""},"product_type":{"linked":["<a href=\"https:\/\/www.vowiconsulting.de\/?taxonomy=product_type&#038;term=simple\" class=\"advgb-post-tax-term\">simple<\/a>"],"unlinked":["<span class=\"advgb-post-tax-term\">simple<\/span>"],"slug":"product_type","name":"Product type"},"product_visibility":{"linked":[],"unlinked":[],"slug":"product_visibility","name":"Product visibility"},"product_cat":{"linked":["<a href=\"https:\/\/www.vowiconsulting.de\/index.php\/product-category\/c-boegen\/\" class=\"advgb-post-tax-term\">C-B\u00f6gen<\/a>"],"unlinked":["<span class=\"advgb-post-tax-term\">C-B\u00f6gen<\/span>"],"slug":"product_cat","name":"Product categories"},"product_tag":{"linked":[],"unlinked":[],"slug":"product_tag","name":"Product tags"},"product_shipping_class":{"linked":[],"unlinked":[],"slug":"product_shipping_class","name":"Product shipping classes"},"pa_alle-angaben":{"linked":[],"unlinked":[],"slug":"pa_alle-angaben","name":"Product Alle Angaben"},"pa_angebots-nr":{"linked":[],"unlinked":[],"slug":"pa_angebots-nr","name":"Product Angebots-Nr.:"},"pa_baden-wuerttemberg":{"linked":[],"unlinked":[],"slug":"pa_baden-wuerttemberg","name":"Product Baden-Wuerttemberg"},"pa_baujahr":{"linked":[],"unlinked":[],"slug":"pa_baujahr","name":"Product Baujahr:"},"pa_bemerkungen":{"linked":[],"unlinked":[],"slug":"pa_bemerkungen","name":"Product Bemerkungen:"},"pa_bezeichnung":{"linked":[],"unlinked":[],"slug":"pa_bezeichnung","name":"Product Bezeichnung:"},"pa_funktionalitaet":{"linked":[],"unlinked":[],"slug":"pa_funktionalitaet","name":"Product Funktionalit\u00e4t:"},"pa_gewicht":{"linked":[],"unlinked":[],"slug":"pa_gewicht","name":"Product Gewicht:"},"pa_groesse":{"linked":[],"unlinked":[],"slug":"pa_groesse","name":"Product Gr\u00f6\u00dfe:"},"pa_hersteller":{"linked":[],"unlinked":[],"slug":"pa_hersteller","name":"Product Hersteller:"},"pa_kontakt":{"linked":[],"unlinked":[],"slug":"pa_kontakt","name":"Product Kontakt:"},"pa_modell":{"linked":[],"unlinked":[],"slug":"pa_modell","name":"Product Modell:"},"pa_preis":{"linked":[],"unlinked":[],"slug":"pa_preis","name":"Product Preis:"},"pa_serien-nr":{"linked":[],"unlinked":[],"slug":"pa_serien-nr","name":"Product Serien-Nr.:"},"pa_standort":{"linked":[],"unlinked":[],"slug":"pa_standort","name":"Product Standort:"}},"series_order":"","_links":{"self":[{"href":"https:\/\/www.vowiconsulting.de\/index.php\/wp-json\/wp\/v3\/product\/1158"}],"collection":[{"href":"https:\/\/www.vowiconsulting.de\/index.php\/wp-json\/wp\/v3\/product"}],"about":[{"href":"https:\/\/www.vowiconsulting.de\/index.php\/wp-json\/wp\/v2\/types\/product"}],"wp:featuredmedia":[{"embeddable":true,"href":"https:\/\/www.vowiconsulting.de\/index.php\/wp-json\/wp\/v2\/media\/1206"}],"wp:attachment":[{"href":"https:\/\/www.vowiconsulting.de\/index.php\/wp-json\/wp\/v2\/media?parent=1158"}],"wp:term":[{"taxonomy":"product_cat","embeddable":true,"href":"https:\/\/www.vowiconsulting.de\/index.php\/wp-json\/wp\/v2\/product_cat?post=1158"},{"taxonomy":"product_tag","embeddable":true,"href":"https:\/\/www.vowiconsulting.de\/index.php\/wp-json\/wp\/v2\/product_tag?post=1158"}],"curies":[{"name":"wp","href":"https:\/\/api.w.org\/{rel}","templated":true}]}}