{"id":4677,"date":"2023-07-19T08:33:13","date_gmt":"2023-07-19T08:33:13","guid":{"rendered":"https:\/\/www.vowiconsulting.de\/?page_id=4677"},"modified":"2024-09-18T16:32:13","modified_gmt":"2024-09-18T16:32:13","slug":"online-events","status":"publish","type":"page","link":"https:\/\/www.vowiconsulting.de\/index.php\/online-events\/","title":{"rendered":"Online Events"},"content":{"rendered":"\n<p class=\"has-large-font-size\"><span style=\"color: #000000;\" class=\"stk-highlight\">voWi Gratis Events<\/span><\/p>\n\n\n\n<div class=\"wp-block-media-text alignwide is-stacked-on-mobile\" style=\"grid-template-columns:33% auto\"><figure class=\"wp-block-media-text__media\"><img decoding=\"async\" loading=\"lazy\" width=\"300\" height=\"300\" src=\"https:\/\/www.vowiconsulting.de\/wp-content\/uploads\/2023\/08\/Hubertus-Owner-and-MD.jpg\" alt=\"\" class=\"wp-image-4747 size-full\" srcset=\"https:\/\/www.vowiconsulting.de\/wp-content\/uploads\/2023\/08\/Hubertus-Owner-and-MD.jpg 300w, https:\/\/www.vowiconsulting.de\/wp-content\/uploads\/2023\/08\/Hubertus-Owner-and-MD-150x150.jpg 150w, https:\/\/www.vowiconsulting.de\/wp-content\/uploads\/2023\/08\/Hubertus-Owner-and-MD-100x100.jpg 100w\" sizes=\"(max-width: 300px) 100vw, 300px\" \/><\/figure><div class=\"wp-block-media-text__content\">\n<p style=\"font-size:22px\"><strong>Unser<\/strong> <strong>Inhouse<\/strong> <strong>Online-Talk <\/strong>&#8211; <strong>aktuell: <\/strong><\/p>\n\n\n\n<p><strong>Rekrutierung medizinischer Fachkr\u00e4fte aus Spanien &#8211;  M\u00f6glichkeiten und Vorteile f\u00fcr Ihre Einrichtung<\/strong><\/p>\n\n\n\n<p>Informieren Sie sich pers\u00f6nlich \u00fcber M\u00f6glichkeiten zur Rekrutierung von Pflegekr\u00e4ften und \u00c4rzten aus Spanien. <\/p>\n\n\n\n<p>Themen:<\/p>\n\n\n\n<ul>\n<li>Informationen \u00fcber den Arbeitsmarkt f\u00fcr medizinisches Fachpersonal in Spanien<\/li>\n\n\n\n<li>Vorteile medizinischer Fachkr\u00e4fte aus Spanien<\/li>\n\n\n\n<li>Vorgehensweise bei der Fachkr\u00e4fte-Rekrutierung<\/li>\n\n\n\n<li>Frage- und Antwortrunde<\/li>\n<\/ul>\n\n\n\n<p><strong>Dauer:<\/strong> <strong>max. 30 Minuten<\/strong><\/p>\n\n\n\n<p><strong>Teilnehmer: 1 Teilnehmer<\/strong><\/p>\n\n\n\n<p><strong>Kosten:<\/strong> <strong>Gratis<\/strong><\/p>\n\n\n\n<p><strong>Termin:<\/strong> <strong><strong>Freitags, 13:30 h-14:00 h\u00a0<\/strong>oder\u00a0<strong>14:45 h-15:15 h<\/strong><\/strong><\/p>\n\n\n\n<p><\/p>\n\n\n\n<div class=\"wp-block-stackable-divider stk-block-divider stk-block stk-7c095fb\" data-block-id=\"7c095fb\"><hr class=\"stk-block-divider__hr\"\/><\/div>\n\n\n\n<p><strong>Sichern Sie sich einen pers\u00f6nlichen Termin!<\/strong><\/p>\n\n\n\n<p><\/p>\n\n\n\n<div style=\"height:18px\" aria-hidden=\"true\" class=\"wp-block-spacer\"><\/div>\n\n\n\n<p>Im Kalender werden Ihnen nur die noch freien Termine angezeigt.<\/p>\n\n\n\n<div class=\"wp-block-advgb-button alignnone is-style-squared\"><a class=\"wp-block-advgb-button_link advgbbtn-81bc854b-c787-4c80-acec-cb98f5ab09b6\" href=\"https:\/\/calendar.app.google\/goFPQ6nqGPWQvs3v9\" target=\"_blank\" rel=\"noopener noreferrer\"><span>W\u00e4hlen Sie Ihren Termin aus <\/span><\/a><\/div>\n\n\n\n<div style=\"height:39px\" aria-hidden=\"true\" class=\"wp-block-spacer\"><\/div>\n\n\n\n<p><strong>Info:<\/strong> Der Inhouse Online-Talk findet \u00fcber Google-Meet statt. Sollten Sie Microsoft-Teams oder Zoom bevorzugen, teilen Sie uns dies bitte mit und wir schicken Ihnen eine entsprechende Einladung f\u00fcr Ihren gew\u00e4hlten Termin.<\/p>\n<\/div><\/div>\n<style class=\"advgb-styles-renderer\">.stk-7c095fb{margin-bottom:50px !important}.advgbbtn-81bc854b-c787-4c80-acec-cb98f5ab09b6{font-size:18px;color:#fff !important;background-color:#2196f3 !important;margin:0px 0px 0px 0px !important;padding:10px 30px 10px 30px;border-width:1px !important;border-style:none;border-radius:50px !important;}.advgbbtn-81bc854b-c787-4c80-acec-cb98f5ab09b6:hover{box-shadow:1px 1px 12px 0px #ccc;opacity:1;transition:all 0.2s ease;}.advgbbtn-81bc854b-c787-4c80-acec-cb98f5ab09b6 > i {display: none !important;}<\/style>","protected":false},"excerpt":{"rendered":"<p>voWi Gratis Events<\/p>\n","protected":false},"author":1,"featured_media":0,"parent":0,"menu_order":0,"comment_status":"closed","ping_status":"closed","template":"","meta":{"advgb_blocks_editor_width":"","advgb_blocks_columns_visual_guide":""},"featured_image_urls":{"full":"","thumbnail":"","medium":"","medium_large":"","large":"","1536x1536":"","2048x2048":"","post-thumbnail":"","bravada-featured":"","bravada-featured-lp":"","bravada-featured-half":"","bravada-featured-third":"","bravada-lpbox-1":"","bravada-lpbox-2":"","woocommerce_thumbnail":"","woocommerce_single":"","woocommerce_gallery_thumbnail":""},"post_excerpt_stackable":"<p>voWi Gratis Events Unser Inhouse Online-Talk &#8211; aktuell: Rekrutierung medizinischer Fachkr\u00e4fte aus Spanien &#8211; M\u00f6glichkeiten und Vorteile f\u00fcr Ihre Einrichtung Informieren Sie sich pers\u00f6nlich \u00fcber M\u00f6glichkeiten zur Rekrutierung von Pflegekr\u00e4ften und \u00c4rzten aus Spanien. Themen: Informationen \u00fcber den Arbeitsmarkt f\u00fcr medizinisches Fachpersonal in Spanien Vorteile medizinischer Fachkr\u00e4fte aus Spanien Vorgehensweise bei der Fachkr\u00e4fte-Rekrutierung Frage- und Antwortrunde Dauer: max. 30 Minuten Teilnehmer: 1 Teilnehmer Kosten: Gratis Termin: Freitags, 13:30 h-14:00 h\u00a0oder\u00a014:45 h-15:15 h Sichern Sie sich einen pers\u00f6nlichen Termin! Im Kalender werden Ihnen nur die noch freien Termine angezeigt. W\u00e4hlen Sie Ihren Termin aus Info: Der Inhouse Online-Talk findet \u00fcber Google-Meet&hellip;<\/p>\n","category_list":"","author_info":{"name":"vowiangebote","url":"https:\/\/www.vowiconsulting.de\/index.php\/author\/vowiangebote\/"},"comments_num":"0 comments","featured_image_urls_v2":{"full":"","thumbnail":"","medium":"","medium_large":"","large":"","1536x1536":"","2048x2048":"","post-thumbnail":"","bravada-featured":"","bravada-featured-lp":"","bravada-featured-half":"","bravada-featured-third":"","bravada-lpbox-1":"","bravada-lpbox-2":"","woocommerce_thumbnail":"","woocommerce_single":"","woocommerce_gallery_thumbnail":""},"post_excerpt_stackable_v2":"<p>voWi Gratis Events Unser Inhouse Online-Talk &#8211; aktuell: Rekrutierung medizinischer Fachkr\u00e4fte aus Spanien &#8211; M\u00f6glichkeiten und Vorteile f\u00fcr Ihre Einrichtung Informieren Sie sich pers\u00f6nlich \u00fcber M\u00f6glichkeiten zur Rekrutierung von Pflegekr\u00e4ften und \u00c4rzten aus Spanien. Themen: Informationen \u00fcber den Arbeitsmarkt f\u00fcr medizinisches Fachpersonal in Spanien Vorteile medizinischer Fachkr\u00e4fte aus Spanien Vorgehensweise bei der Fachkr\u00e4fte-Rekrutierung Frage- und Antwortrunde Dauer: max. 30 Minuten Teilnehmer: 1 Teilnehmer Kosten: Gratis Termin: Freitags, 13:30 h-14:00 h\u00a0oder\u00a014:45 h-15:15 h Sichern Sie sich einen pers\u00f6nlichen Termin! Im Kalender werden Ihnen nur die noch freien Termine angezeigt. W\u00e4hlen Sie Ihren Termin aus Info: Der Inhouse Online-Talk findet \u00fcber Google-Meet&hellip;<\/p>\n","category_list_v2":"","author_info_v2":{"name":"vowiangebote","url":"https:\/\/www.vowiconsulting.de\/index.php\/author\/vowiangebote\/"},"comments_num_v2":"0 comments","coauthors":[],"author_meta":{"author_link":"https:\/\/www.vowiconsulting.de\/index.php\/author\/vowiangebote\/","display_name":"vowiangebote"},"relative_dates":{"created":"Posted 3\u00a0Jahren ago","modified":"Updated 2\u00a0Jahren ago"},"absolute_dates":{"created":"Posted on 19\/07\/2023","modified":"Updated on 18\/09\/2024"},"absolute_dates_time":{"created":"Posted on 19\/07\/2023 08:33","modified":"Updated on 18\/09\/2024 16:32"},"featured_img_caption":"","featured_img":false,"series_order":"","_links":{"self":[{"href":"https:\/\/www.vowiconsulting.de\/index.php\/wp-json\/wp\/v2\/pages\/4677"}],"collection":[{"href":"https:\/\/www.vowiconsulting.de\/index.php\/wp-json\/wp\/v2\/pages"}],"about":[{"href":"https:\/\/www.vowiconsulting.de\/index.php\/wp-json\/wp\/v2\/types\/page"}],"author":[{"embeddable":true,"href":"https:\/\/www.vowiconsulting.de\/index.php\/wp-json\/wp\/v2\/users\/1"}],"replies":[{"embeddable":true,"href":"https:\/\/www.vowiconsulting.de\/index.php\/wp-json\/wp\/v2\/comments?post=4677"}],"version-history":[{"count":56,"href":"https:\/\/www.vowiconsulting.de\/index.php\/wp-json\/wp\/v2\/pages\/4677\/revisions"}],"predecessor-version":[{"id":4889,"href":"https:\/\/www.vowiconsulting.de\/index.php\/wp-json\/wp\/v2\/pages\/4677\/revisions\/4889"}],"wp:attachment":[{"href":"https:\/\/www.vowiconsulting.de\/index.php\/wp-json\/wp\/v2\/media?parent=4677"}],"curies":[{"name":"wp","href":"https:\/\/api.w.org\/{rel}","templated":true}]}}