{"id":236,"date":"2017-10-12T13:04:00","date_gmt":"2017-10-12T13:04:00","guid":{"rendered":"https:\/\/www.vowiconsulting.de\/?page_id=236"},"modified":"2018-05-23T12:48:12","modified_gmt":"2018-05-23T12:48:12","slug":"ihre-preisvorstellung-2","status":"publish","type":"page","link":"https:\/\/www.vowiconsulting.de\/index.php\/ihre-preisvorstellung-2\/","title":{"rendered":"Ihre Preisvorstellung"},"content":{"rendered":"\n<div class=\"wpcf7 no-js\" id=\"wpcf7-f229-o1\" lang=\"de-DE\" dir=\"ltr\">\n<div class=\"screen-reader-response\"><p role=\"status\" aria-live=\"polite\" aria-atomic=\"true\"><\/p> <ul><\/ul><\/div>\n<form action=\"\/index.php\/wp-json\/wp\/v2\/pages\/236#wpcf7-f229-o1\" method=\"post\" class=\"wpcf7-form init cf7-style\" aria-label=\"Kontaktformular\" novalidate=\"novalidate\" data-status=\"init\">\n<div style=\"display: none;\">\n<input type=\"hidden\" name=\"_wpcf7\" value=\"229\" \/>\n<input type=\"hidden\" name=\"_wpcf7_version\" value=\"5.7.6\" \/>\n<input type=\"hidden\" name=\"_wpcf7_locale\" value=\"de_DE\" \/>\n<input type=\"hidden\" name=\"_wpcf7_unit_tag\" value=\"wpcf7-f229-o1\" \/>\n<input type=\"hidden\" name=\"_wpcf7_container_post\" value=\"0\" \/>\n<input type=\"hidden\" name=\"_wpcf7_posted_data_hash\" value=\"\" \/>\n<input type=\"hidden\" name=\"_wpcf7cf_hidden_group_fields\" value=\"[]\" \/>\n<input type=\"hidden\" name=\"_wpcf7cf_hidden_groups\" value=\"[]\" \/>\n<input type=\"hidden\" name=\"_wpcf7cf_visible_groups\" value=\"[]\" \/>\n<input type=\"hidden\" name=\"_wpcf7cf_repeaters\" value=\"[]\" \/>\n<input type=\"hidden\" name=\"_wpcf7cf_steps\" value=\"{}\" \/>\n<input type=\"hidden\" name=\"_wpcf7cf_options\" value=\"{&quot;form_id&quot;:229,&quot;conditions&quot;:[{&quot;then_field&quot;:&quot;-1&quot;,&quot;and_rules&quot;:[{&quot;if_field&quot;:&quot;-1&quot;,&quot;operator&quot;:&quot;equals&quot;,&quot;if_value&quot;:&quot;&quot;}]}],&quot;settings&quot;:{&quot;animation&quot;:&quot;yes&quot;,&quot;animation_intime&quot;:200,&quot;animation_outtime&quot;:200,&quot;conditions_ui&quot;:&quot;normal&quot;,&quot;notice_dismissed&quot;:false,&quot;notice_dismissed_update-cf7-5.6.3&quot;:true,&quot;notice_dismissed_update-cf7-5.8.1&quot;:true,&quot;notice_dismissed_update-cf7-5.8.6&quot;:true,&quot;notice_dismissed_update-cf7-6.0.6&quot;:true}}\" \/>\n<input type=\"hidden\" name=\"_wpcf7dtx_version\" value=\"5.0.3\" \/>\n<\/div>\n<p><label> Ihr Name (Pflichtfeld)<br \/>\n<span class=\"wpcf7-form-control-wrap\" data-name=\"your-name\"><input size=\"40\" class=\"wpcf7-form-control wpcf7-text wpcf7-validates-as-required\" id=\"your-name\" aria-required=\"true\" aria-invalid=\"false\" value=\"\" type=\"text\" name=\"your-name\" \/><\/span> <\/label>\n<\/p>\n<p><label> Einrichtung\/Unternehmen (Pflichtfeld)<br \/>\n<span class=\"wpcf7-form-control-wrap\" data-name=\"einrichtung\"><input size=\"40\" class=\"wpcf7-form-control wpcf7-text wpcf7-validates-as-required\" id=\"einrichtung\" aria-required=\"true\" aria-invalid=\"false\" value=\"\" type=\"text\" name=\"einrichtung\" \/><\/span> <\/label>\n<\/p>\n<p><label> Strasse (Pflichtfeld)<br \/>\n<span class=\"wpcf7-form-control-wrap\" data-name=\"strasse\"><input size=\"40\" class=\"wpcf7-form-control wpcf7-text wpcf7-validates-as-required\" id=\"strasse\" aria-required=\"true\" aria-invalid=\"false\" value=\"\" type=\"text\" name=\"strasse\" \/><\/span> <\/label>\n<\/p>\n<p><label> Postleitzahl (Pflichtfeld)<br \/>\n<span class=\"wpcf7-form-control-wrap\" data-name=\"PLZ\"><input size=\"40\" class=\"wpcf7-form-control wpcf7-text wpcf7-validates-as-required\" id=\"PLZ\" aria-required=\"true\" aria-invalid=\"false\" value=\"\" type=\"text\" name=\"PLZ\" \/><\/span> <\/label>\n<\/p>\n<p><label> Ort (Pflichtfeld)<br \/>\n<span class=\"wpcf7-form-control-wrap\" data-name=\"Ort\"><input size=\"40\" class=\"wpcf7-form-control wpcf7-text wpcf7-validates-as-required\" id=\"Ort\" aria-required=\"true\" aria-invalid=\"false\" value=\"\" type=\"text\" name=\"Ort\" \/><\/span> <\/label>\n<\/p>\n<p><label> Ihre E-Mail-Adresse (Pflichtfeld)<br \/>\n<span class=\"wpcf7-form-control-wrap\" data-name=\"your-email\"><input size=\"40\" class=\"wpcf7-form-control wpcf7-text wpcf7-email wpcf7-validates-as-required wpcf7-validates-as-email\" id=\"your-email\" aria-required=\"true\" aria-invalid=\"false\" value=\"\" type=\"email\" name=\"your-email\" \/><\/span> <\/label>\n<\/p>\n<p><label> Ihre Telefonnummer (Pflichtfeld)<br \/>\n<span class=\"wpcf7-form-control-wrap\" data-name=\"tel-1\"><input size=\"40\" class=\"wpcf7-form-control wpcf7-text wpcf7-tel wpcf7-validates-as-required wpcf7-validates-as-tel\" id=\"tel-1\" aria-required=\"true\" aria-invalid=\"false\" value=\"\" type=\"tel\" name=\"tel-1\" \/><\/span> <\/label>\n<\/p>\n<p><label> Angebots-Nr., bitte hier eintragen (Pflichtfeld)<br \/>\n<span class=\"wpcf7-form-control-wrap\" data-name=\"your-message1\"><input size=\"40\" class=\"wpcf7-form-control wpcf7-text wpcf7-validates-as-required\" id=\"your-message1\" aria-required=\"true\" aria-invalid=\"false\" value=\"\" type=\"text\" name=\"your-message1\" \/><\/span> <\/label>\n<\/p>\n<p><label> Ihre Preisvorstellung f\u00fcr o.g. Angebots-Nr. in \u20ac, netto: (Pflichtfeld)<br \/>\n<span class=\"wpcf7-form-control-wrap\" data-name=\"your-message2\"><input size=\"40\" class=\"wpcf7-form-control wpcf7-text wpcf7-validates-as-required\" id=\"your-message2\" aria-required=\"true\" aria-invalid=\"false\" value=\"\" type=\"text\" name=\"your-message2\" \/><\/span> <\/label>\n<\/p>\n<p><label> Sonstige Kommentare:<br \/>\n<span class=\"wpcf7-form-control-wrap\" data-name=\"kommentar\"><textarea cols=\"40\" rows=\"10\" class=\"wpcf7-form-control wpcf7-textarea\" id=\"kommentar\" aria-invalid=\"false\" name=\"kommentar\"><\/textarea><\/span> <\/label>\n<\/p>\n<p><span class=\"wpcf7-form-control-wrap\" data-name=\"acceptance-Datenschutz\"><span class=\"wpcf7-form-control wpcf7-acceptance\"><span class=\"wpcf7-list-item\"><input type=\"checkbox\" name=\"acceptance-Datenschutz\" value=\"1\" id=\"acceptance-Datenschutz\" aria-invalid=\"false\" \/><\/span><\/span><\/span> Mit Setzen des H\u00e4kchens in dem Kontrollk\u00e4stchen erkl\u00e4ren Sie sich mit der Erhebung und Speicherung der von Ihnen angegeben Daten zum Zwecke der Kontaktaufnahme und Beantwortung Ihrer Anfrage gem\u00e4\u00df unserer <a title=\"Datenschutz\" href=\"https:\/\/www.vowiconsulting.de\/index.php\/datenschutzerklaerung\/\"  target=\"_blank\">Datenschutzerkl\u00e4rung<\/a> einverstanden. Ihre Einwilligung k\u00f6nnen Sie jederzeit einfach per E-Mail an dataprotection@angebote.vonwietersheim.es widerrufen.\n<\/p>\n<p>[recaptcha]<br \/>\n<input class=\"wpcf7-form-control has-spinner wpcf7-submit\" type=\"submit\" value=\"Senden\" \/>\n<\/p><div class=\"wpcf7-response-output\" aria-hidden=\"true\"><\/div>\n<\/form>\n<\/div>\n\n","protected":false},"excerpt":{"rendered":"","protected":false},"author":1,"featured_media":0,"parent":0,"menu_order":0,"comment_status":"closed","ping_status":"closed","template":"","meta":{"advgb_blocks_editor_width":"","advgb_blocks_columns_visual_guide":""},"featured_image_urls":{"full":"","thumbnail":"","medium":"","medium_large":"","large":"","1536x1536":"","2048x2048":"","post-thumbnail":"","bravada-featured":"","bravada-featured-lp":"","bravada-featured-half":"","bravada-featured-third":"","bravada-lpbox-1":"","bravada-lpbox-2":"","woocommerce_thumbnail":"","woocommerce_single":"","woocommerce_gallery_thumbnail":""},"post_excerpt_stackable":"<p>Ihr Name (Pflichtfeld) Einrichtung\/Unternehmen (Pflichtfeld) Strasse (Pflichtfeld) Postleitzahl (Pflichtfeld) Ort (Pflichtfeld) Ihre E-Mail-Adresse (Pflichtfeld) Ihre Telefonnummer (Pflichtfeld) Angebots-Nr., bitte hier eintragen (Pflichtfeld) Ihre Preisvorstellung f\u00fcr o.g. Angebots-Nr. in \u20ac, netto: (Pflichtfeld) Sonstige Kommentare: Mit Setzen des H\u00e4kchens in dem Kontrollk\u00e4stchen erkl\u00e4ren Sie sich mit der Erhebung und Speicherung der von Ihnen angegeben Daten zum Zwecke der Kontaktaufnahme und Beantwortung Ihrer Anfrage gem\u00e4\u00df unserer Datenschutzerkl\u00e4rung einverstanden. Ihre Einwilligung k\u00f6nnen Sie jederzeit einfach per E-Mail an dataprotection@angebote.vonwietersheim.es widerrufen. [recaptcha]<\/p>\n","category_list":"","author_info":{"name":"vowiangebote","url":"https:\/\/www.vowiconsulting.de\/index.php\/author\/vowiangebote\/"},"comments_num":"0 comments","featured_image_urls_v2":{"full":"","thumbnail":"","medium":"","medium_large":"","large":"","1536x1536":"","2048x2048":"","post-thumbnail":"","bravada-featured":"","bravada-featured-lp":"","bravada-featured-half":"","bravada-featured-third":"","bravada-lpbox-1":"","bravada-lpbox-2":"","woocommerce_thumbnail":"","woocommerce_single":"","woocommerce_gallery_thumbnail":""},"post_excerpt_stackable_v2":"<p>Ihr Name (Pflichtfeld) Einrichtung\/Unternehmen (Pflichtfeld) Strasse (Pflichtfeld) Postleitzahl (Pflichtfeld) Ort (Pflichtfeld) Ihre E-Mail-Adresse (Pflichtfeld) Ihre Telefonnummer (Pflichtfeld) Angebots-Nr., bitte hier eintragen (Pflichtfeld) Ihre Preisvorstellung f\u00fcr o.g. Angebots-Nr. in \u20ac, netto: (Pflichtfeld) Sonstige Kommentare: Mit Setzen des H\u00e4kchens in dem Kontrollk\u00e4stchen erkl\u00e4ren Sie sich mit der Erhebung und Speicherung der von Ihnen angegeben Daten zum Zwecke der Kontaktaufnahme und Beantwortung Ihrer Anfrage gem\u00e4\u00df unserer Datenschutzerkl\u00e4rung einverstanden. Ihre Einwilligung k\u00f6nnen Sie jederzeit einfach per E-Mail an dataprotection@angebote.vonwietersheim.es widerrufen. [recaptcha]<\/p>\n","category_list_v2":"","author_info_v2":{"name":"vowiangebote","url":"https:\/\/www.vowiconsulting.de\/index.php\/author\/vowiangebote\/"},"comments_num_v2":"0 comments","coauthors":[],"author_meta":{"author_link":"https:\/\/www.vowiconsulting.de\/index.php\/author\/vowiangebote\/","display_name":"vowiangebote"},"relative_dates":{"created":"Posted 9\u00a0Jahren ago","modified":"Updated 8\u00a0Jahren ago"},"absolute_dates":{"created":"Posted on 12\/10\/2017","modified":"Updated on 23\/05\/2018"},"absolute_dates_time":{"created":"Posted on 12\/10\/2017 13:04","modified":"Updated on 23\/05\/2018 12:48"},"featured_img_caption":"","featured_img":false,"series_order":"","_links":{"self":[{"href":"https:\/\/www.vowiconsulting.de\/index.php\/wp-json\/wp\/v2\/pages\/236"}],"collection":[{"href":"https:\/\/www.vowiconsulting.de\/index.php\/wp-json\/wp\/v2\/pages"}],"about":[{"href":"https:\/\/www.vowiconsulting.de\/index.php\/wp-json\/wp\/v2\/types\/page"}],"author":[{"embeddable":true,"href":"https:\/\/www.vowiconsulting.de\/index.php\/wp-json\/wp\/v2\/users\/1"}],"replies":[{"embeddable":true,"href":"https:\/\/www.vowiconsulting.de\/index.php\/wp-json\/wp\/v2\/comments?post=236"}],"version-history":[{"count":2,"href":"https:\/\/www.vowiconsulting.de\/index.php\/wp-json\/wp\/v2\/pages\/236\/revisions"}],"predecessor-version":[{"id":725,"href":"https:\/\/www.vowiconsulting.de\/index.php\/wp-json\/wp\/v2\/pages\/236\/revisions\/725"}],"wp:attachment":[{"href":"https:\/\/www.vowiconsulting.de\/index.php\/wp-json\/wp\/v2\/media?parent=236"}],"curies":[{"name":"wp","href":"https:\/\/api.w.org\/{rel}","templated":true}]}}